{"id":873,"date":"2018-05-17T15:18:24","date_gmt":"2018-05-17T15:18:24","guid":{"rendered":"http:\/\/bcn-guide.com\/pedralbes-y-diagonal\/"},"modified":"2022-02-20T02:32:25","modified_gmt":"2022-02-20T02:32:25","slug":"pedralbes-and-diagonal","status":"publish","type":"page","link":"https:\/\/bcn-guide.com\/en\/what-to-see-and-do-in-barcelona\/walking-through-barcelona\/pedralbes-and-diagonal\/","title":{"rendered":"Pedralbes and Les Corts"},"content":{"rendered":"<p>Barcelona&#8217;s Diagonal Avenue, or popularly known as Diagonal, is one of the main thoroughfares in the city. In its section between Paseo de Gr\u00e0cia and Pla\u00e7a de Francesc Maci\u00e0, it concentrates a select commercial offer. Centers that house a large commitment to quality shopping succeed each other in a spacious and comfortable environment, dotted with the shade of numerous trees that invite you to take a summer walk. A day of shopping topped off with a good ice cream is recommended.<\/p>\n<p>In this area, tradition and modernity coexist in perfect harmony. Some innovative structures such as the Trade Towers stand out among the modern office buildings, houses and hotels and important shopping centers, on both sides of Av. Diagonal &#8211; entrance and exit gate of the city is the university city.<\/p>\n","protected":false},"excerpt":{"rendered":"<p>Barcelona&#8217;s Diagonal Avenue, or popularly known as Diagonal, is one of the main thoroughfares in the city. In its section between Paseo de Gr\u00e0cia and Pla\u00e7a de Francesc Maci\u00e0, it concentrates a select commercial offer. Centers that house a large commitment to quality shopping succeed each other in a spacious and comfortable environment, dotted with&hellip;<\/p>\n","protected":false},"author":2,"featured_media":1735,"parent":3464,"menu_order":0,"comment_status":"closed","ping_status":"closed","template":"template-manual.php","meta":{"_acf_changed":false,"ghostkit_customizer_options":"","ghostkit_custom_css":"","ghostkit_custom_js_head":"","ghostkit_custom_js_foot":"","ghostkit_typography":"","footnotes":""},"class_list":["post-873","page","type-page","status-publish","has-post-thumbnail","hentry"],"acf":[],"yoast_head":"<!-- This site is optimized with the Yoast SEO plugin v27.2 - https:\/\/yoast.com\/product\/yoast-seo-wordpress\/ -->\n<title>Pedralbes and Les Corts - Prestige Barcelona Tourist Guide<\/title>\n<meta name=\"description\" content=\"Barcelona&#039;s Diagonal Avenue, or popularly known as Diagonal, is one of the main thoroughfares in the city. In its section between Paseo de Gr\u00e0cia and\" \/>\n<meta name=\"robots\" content=\"index, follow, max-snippet:-1, max-image-preview:large, max-video-preview:-1\" \/>\n<link rel=\"canonical\" href=\"https:\/\/bcn-guide.com\/en\/what-to-see-and-do-in-barcelona\/walking-through-barcelona\/pedralbes-and-diagonal\/\" \/>\n<meta property=\"og:locale\" content=\"en_US\" \/>\n<meta property=\"og:type\" content=\"article\" \/>\n<meta property=\"og:title\" content=\"Pedralbes and Les Corts - Prestige Barcelona Tourist Guide\" \/>\n<meta property=\"og:description\" content=\"Barcelona&#039;s Diagonal Avenue, or popularly known as Diagonal, is one of the main thoroughfares in the city. In its section between Paseo de Gr\u00e0cia and\" \/>\n<meta property=\"og:url\" content=\"https:\/\/bcn-guide.com\/en\/what-to-see-and-do-in-barcelona\/walking-through-barcelona\/pedralbes-and-diagonal\/\" \/>\n<meta property=\"og:site_name\" content=\"Prestige Barcelona Tourist Guide\" \/>\n<meta property=\"article:modified_time\" content=\"2022-02-20T02:32:25+00:00\" \/>\n<meta property=\"og:image\" content=\"https:\/\/bcn-guide.com\/wp-content\/uploads\/2018\/06\/Pedralbes.jpg\" \/>\n\t<meta property=\"og:image:width\" content=\"1500\" \/>\n\t<meta property=\"og:image:height\" content=\"1125\" \/>\n\t<meta property=\"og:image:type\" content=\"image\/jpeg\" \/>\n<meta name=\"twitter:card\" content=\"summary_large_image\" \/>\n<meta name=\"twitter:label1\" content=\"Est. reading time\" \/>\n\t<meta name=\"twitter:data1\" content=\"1 minute\" \/>\n<script type=\"application\/ld+json\" class=\"yoast-schema-graph\">{\"@context\":\"https:\/\/schema.org\",\"@graph\":[{\"@type\":\"WebPage\",\"@id\":\"https:\/\/bcn-guide.com\/en\/what-to-see-and-do-in-barcelona\/walking-through-barcelona\/pedralbes-and-diagonal\/\",\"url\":\"https:\/\/bcn-guide.com\/en\/what-to-see-and-do-in-barcelona\/walking-through-barcelona\/pedralbes-and-diagonal\/\",\"name\":\"Pedralbes and Les Corts - Prestige Barcelona Tourist Guide\",\"isPartOf\":{\"@id\":\"https:\/\/bcn-guide.com\/en\/#website\"},\"primaryImageOfPage\":{\"@id\":\"https:\/\/bcn-guide.com\/en\/what-to-see-and-do-in-barcelona\/walking-through-barcelona\/pedralbes-and-diagonal\/#primaryimage\"},\"image\":{\"@id\":\"https:\/\/bcn-guide.com\/en\/what-to-see-and-do-in-barcelona\/walking-through-barcelona\/pedralbes-and-diagonal\/#primaryimage\"},\"thumbnailUrl\":\"https:\/\/bcn-guide.com\/wp-content\/uploads\/2018\/06\/Pedralbes.jpg\",\"datePublished\":\"2018-05-17T15:18:24+00:00\",\"dateModified\":\"2022-02-20T02:32:25+00:00\",\"description\":\"Barcelona's Diagonal Avenue, or popularly known as Diagonal, is one of the main thoroughfares in the city. In its section between Paseo de Gr\u00e0cia and\",\"breadcrumb\":{\"@id\":\"https:\/\/bcn-guide.com\/en\/what-to-see-and-do-in-barcelona\/walking-through-barcelona\/pedralbes-and-diagonal\/#breadcrumb\"},\"inLanguage\":\"en-US\",\"potentialAction\":[{\"@type\":\"ReadAction\",\"target\":[\"https:\/\/bcn-guide.com\/en\/what-to-see-and-do-in-barcelona\/walking-through-barcelona\/pedralbes-and-diagonal\/\"]}]},{\"@type\":\"ImageObject\",\"inLanguage\":\"en-US\",\"@id\":\"https:\/\/bcn-guide.com\/en\/what-to-see-and-do-in-barcelona\/walking-through-barcelona\/pedralbes-and-diagonal\/#primaryimage\",\"url\":\"https:\/\/bcn-guide.com\/wp-content\/uploads\/2018\/06\/Pedralbes.jpg\",\"contentUrl\":\"https:\/\/bcn-guide.com\/wp-content\/uploads\/2018\/06\/Pedralbes.jpg\",\"width\":1500,\"height\":1125},{\"@type\":\"BreadcrumbList\",\"@id\":\"https:\/\/bcn-guide.com\/en\/what-to-see-and-do-in-barcelona\/walking-through-barcelona\/pedralbes-and-diagonal\/#breadcrumb\",\"itemListElement\":[{\"@type\":\"ListItem\",\"position\":1,\"name\":\"Inicio\",\"item\":\"https:\/\/bcn-guide.com\/en\/\"},{\"@type\":\"ListItem\",\"position\":2,\"name\":\"What to see and do in Barcelona\",\"item\":\"https:\/\/bcn-guide.com\/en\/what-to-see-and-do-in-barcelona\/\"},{\"@type\":\"ListItem\",\"position\":3,\"name\":\"Walking through Barcelona\",\"item\":\"https:\/\/bcn-guide.com\/en\/what-to-see-and-do-in-barcelona\/walking-through-barcelona\/\"},{\"@type\":\"ListItem\",\"position\":4,\"name\":\"Pedralbes and Les Corts\"}]},{\"@type\":\"WebSite\",\"@id\":\"https:\/\/bcn-guide.com\/en\/#website\",\"url\":\"https:\/\/bcn-guide.com\/en\/\",\"name\":\"Prestige Barcelona Tourist Guide\",\"description\":\"\",\"potentialAction\":[{\"@type\":\"SearchAction\",\"target\":{\"@type\":\"EntryPoint\",\"urlTemplate\":\"https:\/\/bcn-guide.com\/en\/?s={search_term_string}\"},\"query-input\":{\"@type\":\"PropertyValueSpecification\",\"valueRequired\":true,\"valueName\":\"search_term_string\"}}],\"inLanguage\":\"en-US\"}]}<\/script>\n<!-- \/ Yoast SEO plugin. -->","yoast_head_json":{"title":"Pedralbes and Les Corts - Prestige Barcelona Tourist Guide","description":"Barcelona's Diagonal Avenue, or popularly known as Diagonal, is one of the main thoroughfares in the city. In its section between Paseo de Gr\u00e0cia and","robots":{"index":"index","follow":"follow","max-snippet":"max-snippet:-1","max-image-preview":"max-image-preview:large","max-video-preview":"max-video-preview:-1"},"canonical":"https:\/\/bcn-guide.com\/en\/what-to-see-and-do-in-barcelona\/walking-through-barcelona\/pedralbes-and-diagonal\/","og_locale":"en_US","og_type":"article","og_title":"Pedralbes and Les Corts - Prestige Barcelona Tourist Guide","og_description":"Barcelona's Diagonal Avenue, or popularly known as Diagonal, is one of the main thoroughfares in the city. In its section between Paseo de Gr\u00e0cia and","og_url":"https:\/\/bcn-guide.com\/en\/what-to-see-and-do-in-barcelona\/walking-through-barcelona\/pedralbes-and-diagonal\/","og_site_name":"Prestige Barcelona Tourist Guide","article_modified_time":"2022-02-20T02:32:25+00:00","og_image":[{"width":1500,"height":1125,"url":"https:\/\/bcn-guide.com\/wp-content\/uploads\/2018\/06\/Pedralbes.jpg","type":"image\/jpeg"}],"twitter_card":"summary_large_image","twitter_misc":{"Est. reading time":"1 minute"},"schema":{"@context":"https:\/\/schema.org","@graph":[{"@type":"WebPage","@id":"https:\/\/bcn-guide.com\/en\/what-to-see-and-do-in-barcelona\/walking-through-barcelona\/pedralbes-and-diagonal\/","url":"https:\/\/bcn-guide.com\/en\/what-to-see-and-do-in-barcelona\/walking-through-barcelona\/pedralbes-and-diagonal\/","name":"Pedralbes and Les Corts - Prestige Barcelona Tourist Guide","isPartOf":{"@id":"https:\/\/bcn-guide.com\/en\/#website"},"primaryImageOfPage":{"@id":"https:\/\/bcn-guide.com\/en\/what-to-see-and-do-in-barcelona\/walking-through-barcelona\/pedralbes-and-diagonal\/#primaryimage"},"image":{"@id":"https:\/\/bcn-guide.com\/en\/what-to-see-and-do-in-barcelona\/walking-through-barcelona\/pedralbes-and-diagonal\/#primaryimage"},"thumbnailUrl":"https:\/\/bcn-guide.com\/wp-content\/uploads\/2018\/06\/Pedralbes.jpg","datePublished":"2018-05-17T15:18:24+00:00","dateModified":"2022-02-20T02:32:25+00:00","description":"Barcelona's Diagonal Avenue, or popularly known as Diagonal, is one of the main thoroughfares in the city. In its section between Paseo de Gr\u00e0cia and","breadcrumb":{"@id":"https:\/\/bcn-guide.com\/en\/what-to-see-and-do-in-barcelona\/walking-through-barcelona\/pedralbes-and-diagonal\/#breadcrumb"},"inLanguage":"en-US","potentialAction":[{"@type":"ReadAction","target":["https:\/\/bcn-guide.com\/en\/what-to-see-and-do-in-barcelona\/walking-through-barcelona\/pedralbes-and-diagonal\/"]}]},{"@type":"ImageObject","inLanguage":"en-US","@id":"https:\/\/bcn-guide.com\/en\/what-to-see-and-do-in-barcelona\/walking-through-barcelona\/pedralbes-and-diagonal\/#primaryimage","url":"https:\/\/bcn-guide.com\/wp-content\/uploads\/2018\/06\/Pedralbes.jpg","contentUrl":"https:\/\/bcn-guide.com\/wp-content\/uploads\/2018\/06\/Pedralbes.jpg","width":1500,"height":1125},{"@type":"BreadcrumbList","@id":"https:\/\/bcn-guide.com\/en\/what-to-see-and-do-in-barcelona\/walking-through-barcelona\/pedralbes-and-diagonal\/#breadcrumb","itemListElement":[{"@type":"ListItem","position":1,"name":"Inicio","item":"https:\/\/bcn-guide.com\/en\/"},{"@type":"ListItem","position":2,"name":"What to see and do in Barcelona","item":"https:\/\/bcn-guide.com\/en\/what-to-see-and-do-in-barcelona\/"},{"@type":"ListItem","position":3,"name":"Walking through Barcelona","item":"https:\/\/bcn-guide.com\/en\/what-to-see-and-do-in-barcelona\/walking-through-barcelona\/"},{"@type":"ListItem","position":4,"name":"Pedralbes and Les Corts"}]},{"@type":"WebSite","@id":"https:\/\/bcn-guide.com\/en\/#website","url":"https:\/\/bcn-guide.com\/en\/","name":"Prestige Barcelona Tourist Guide","description":"","potentialAction":[{"@type":"SearchAction","target":{"@type":"EntryPoint","urlTemplate":"https:\/\/bcn-guide.com\/en\/?s={search_term_string}"},"query-input":{"@type":"PropertyValueSpecification","valueRequired":true,"valueName":"search_term_string"}}],"inLanguage":"en-US"}]}},"_links":{"self":[{"href":"https:\/\/bcn-guide.com\/en\/wp-json\/wp\/v2\/pages\/873","targetHints":{"allow":["GET"]}}],"collection":[{"href":"https:\/\/bcn-guide.com\/en\/wp-json\/wp\/v2\/pages"}],"about":[{"href":"https:\/\/bcn-guide.com\/en\/wp-json\/wp\/v2\/types\/page"}],"author":[{"embeddable":true,"href":"https:\/\/bcn-guide.com\/en\/wp-json\/wp\/v2\/users\/2"}],"replies":[{"embeddable":true,"href":"https:\/\/bcn-guide.com\/en\/wp-json\/wp\/v2\/comments?post=873"}],"version-history":[{"count":2,"href":"https:\/\/bcn-guide.com\/en\/wp-json\/wp\/v2\/pages\/873\/revisions"}],"predecessor-version":[{"id":3598,"href":"https:\/\/bcn-guide.com\/en\/wp-json\/wp\/v2\/pages\/873\/revisions\/3598"}],"up":[{"embeddable":true,"href":"https:\/\/bcn-guide.com\/en\/wp-json\/wp\/v2\/pages\/3464"}],"wp:featuredmedia":[{"embeddable":true,"href":"https:\/\/bcn-guide.com\/en\/wp-json\/wp\/v2\/media\/1735"}],"wp:attachment":[{"href":"https:\/\/bcn-guide.com\/en\/wp-json\/wp\/v2\/media?parent=873"}],"curies":[{"name":"wp","href":"https:\/\/api.w.org\/{rel}","templated":true}]}}