{"id":679,"date":"2018-05-15T09:32:14","date_gmt":"2018-05-15T09:32:14","guid":{"rendered":"http:\/\/bcn-guide.com\/?page_id=679"},"modified":"2022-02-20T01:25:01","modified_gmt":"2022-02-20T01:25:01","slug":"cable-car-of-montjuic","status":"publish","type":"page","link":"https:\/\/bcn-guide.com\/en\/information-of-interest-to-visit-barcelona\/transportation\/cable-car-of-montjuic\/","title":{"rendered":"Cable car of Montjuic"},"content":{"rendered":"<p>Get on the Telef\u00e8ric de Montju\u00efc and let yourself be seduced by Barcelona, go up to the Castle and enjoy fantastic views of the port and the city.<\/p>\n<p>Access:<br \/>\nSubway: L2, L3 (Paral\u00b7lel). Montju\u00efc Funicular.<br \/>\nBus: 55, 150.<br \/>\nBarcelona Tourist Bus: Red Route (Montju\u00efc Telef\u00e8ric).<\/p>\n<p>Information: 933 289 003<br \/>\nwww.telefericdemontjuic.cat\/es<\/p>\n","protected":false},"excerpt":{"rendered":"<p>Get on the Telef\u00e8ric de Montju\u00efc and let yourself be seduced by Barcelona, go up to the Castle and enjoy fantastic views of the port and the city. Access: Subway: L2, L3 (Paral\u00b7lel). Montju\u00efc Funicular. Bus: 55, 150. Barcelona Tourist Bus: Red Route (Montju\u00efc Telef\u00e8ric). Information: 933 289 003 www.telefericdemontjuic.cat\/es<\/p>\n","protected":false},"author":1,"featured_media":1400,"parent":3453,"menu_order":0,"comment_status":"closed","ping_status":"closed","template":"","meta":{"_acf_changed":false,"ghostkit_customizer_options":"","ghostkit_custom_css":"","ghostkit_custom_js_head":"","ghostkit_custom_js_foot":"","ghostkit_typography":"","footnotes":""},"class_list":["post-679","page","type-page","status-publish","has-post-thumbnail","hentry"],"acf":[],"yoast_head":"<!-- This site is optimized with the Yoast SEO plugin v27.2 - https:\/\/yoast.com\/product\/yoast-seo-wordpress\/ -->\n<title>Cable car of Montjuic - Prestige Barcelona Tourist Guide<\/title>\n<meta name=\"description\" content=\"Get on the Telef\u00e8ric de Montju\u00efc and let yourself be seduced by Barcelona, go up to the Castle and enjoy fantastic views of the port and the city. Access:\" \/>\n<meta name=\"robots\" content=\"index, follow, max-snippet:-1, max-image-preview:large, max-video-preview:-1\" \/>\n<link rel=\"canonical\" href=\"https:\/\/bcn-guide.com\/en\/information-of-interest-to-visit-barcelona\/transportation\/cable-car-of-montjuic\/\" \/>\n<meta property=\"og:locale\" content=\"en_US\" \/>\n<meta property=\"og:type\" content=\"article\" \/>\n<meta property=\"og:title\" content=\"Cable car of Montjuic - Prestige Barcelona Tourist Guide\" \/>\n<meta property=\"og:description\" content=\"Get on the Telef\u00e8ric de Montju\u00efc and let yourself be seduced by Barcelona, go up to the Castle and enjoy fantastic views of the port and the city. Access:\" \/>\n<meta property=\"og:url\" content=\"https:\/\/bcn-guide.com\/en\/information-of-interest-to-visit-barcelona\/transportation\/cable-car-of-montjuic\/\" \/>\n<meta property=\"og:site_name\" content=\"Prestige Barcelona Tourist Guide\" \/>\n<meta property=\"article:modified_time\" content=\"2022-02-20T01:25:01+00:00\" \/>\n<meta property=\"og:image\" content=\"https:\/\/bcn-guide.com\/wp-content\/uploads\/2018\/05\/TELEFERICO-MAR.jpg\" \/>\n\t<meta property=\"og:image:width\" content=\"1500\" \/>\n\t<meta property=\"og:image:height\" content=\"1200\" \/>\n\t<meta property=\"og:image:type\" content=\"image\/jpeg\" \/>\n<meta name=\"twitter:card\" content=\"summary_large_image\" \/>\n<script type=\"application\/ld+json\" class=\"yoast-schema-graph\">{\"@context\":\"https:\/\/schema.org\",\"@graph\":[{\"@type\":\"WebPage\",\"@id\":\"https:\/\/bcn-guide.com\/en\/information-of-interest-to-visit-barcelona\/transportation\/cable-car-of-montjuic\/\",\"url\":\"https:\/\/bcn-guide.com\/en\/information-of-interest-to-visit-barcelona\/transportation\/cable-car-of-montjuic\/\",\"name\":\"Cable car of Montjuic - Prestige Barcelona Tourist Guide\",\"isPartOf\":{\"@id\":\"https:\/\/bcn-guide.com\/en\/#website\"},\"primaryImageOfPage\":{\"@id\":\"https:\/\/bcn-guide.com\/en\/information-of-interest-to-visit-barcelona\/transportation\/cable-car-of-montjuic\/#primaryimage\"},\"image\":{\"@id\":\"https:\/\/bcn-guide.com\/en\/information-of-interest-to-visit-barcelona\/transportation\/cable-car-of-montjuic\/#primaryimage\"},\"thumbnailUrl\":\"https:\/\/bcn-guide.com\/wp-content\/uploads\/2018\/05\/TELEFERICO-MAR.jpg\",\"datePublished\":\"2018-05-15T09:32:14+00:00\",\"dateModified\":\"2022-02-20T01:25:01+00:00\",\"description\":\"Get on the Telef\u00e8ric de Montju\u00efc and let yourself be seduced by Barcelona, go up to the Castle and enjoy fantastic views of the port and the city. Access:\",\"breadcrumb\":{\"@id\":\"https:\/\/bcn-guide.com\/en\/information-of-interest-to-visit-barcelona\/transportation\/cable-car-of-montjuic\/#breadcrumb\"},\"inLanguage\":\"en-US\",\"potentialAction\":[{\"@type\":\"ReadAction\",\"target\":[\"https:\/\/bcn-guide.com\/en\/information-of-interest-to-visit-barcelona\/transportation\/cable-car-of-montjuic\/\"]}]},{\"@type\":\"ImageObject\",\"inLanguage\":\"en-US\",\"@id\":\"https:\/\/bcn-guide.com\/en\/information-of-interest-to-visit-barcelona\/transportation\/cable-car-of-montjuic\/#primaryimage\",\"url\":\"https:\/\/bcn-guide.com\/wp-content\/uploads\/2018\/05\/TELEFERICO-MAR.jpg\",\"contentUrl\":\"https:\/\/bcn-guide.com\/wp-content\/uploads\/2018\/05\/TELEFERICO-MAR.jpg\",\"width\":1500,\"height\":1200},{\"@type\":\"BreadcrumbList\",\"@id\":\"https:\/\/bcn-guide.com\/en\/information-of-interest-to-visit-barcelona\/transportation\/cable-car-of-montjuic\/#breadcrumb\",\"itemListElement\":[{\"@type\":\"ListItem\",\"position\":1,\"name\":\"Inicio\",\"item\":\"https:\/\/bcn-guide.com\/en\/\"},{\"@type\":\"ListItem\",\"position\":2,\"name\":\"Information of interest to visit Barcelona\",\"item\":\"https:\/\/bcn-guide.com\/en\/information-of-interest-to-visit-barcelona\/\"},{\"@type\":\"ListItem\",\"position\":3,\"name\":\"Transportation\",\"item\":\"https:\/\/bcn-guide.com\/en\/information-of-interest-to-visit-barcelona\/transportation\/\"},{\"@type\":\"ListItem\",\"position\":4,\"name\":\"Cable car of Montjuic\"}]},{\"@type\":\"WebSite\",\"@id\":\"https:\/\/bcn-guide.com\/en\/#website\",\"url\":\"https:\/\/bcn-guide.com\/en\/\",\"name\":\"Prestige Barcelona Tourist Guide\",\"description\":\"\",\"potentialAction\":[{\"@type\":\"SearchAction\",\"target\":{\"@type\":\"EntryPoint\",\"urlTemplate\":\"https:\/\/bcn-guide.com\/en\/?s={search_term_string}\"},\"query-input\":{\"@type\":\"PropertyValueSpecification\",\"valueRequired\":true,\"valueName\":\"search_term_string\"}}],\"inLanguage\":\"en-US\"}]}<\/script>\n<!-- \/ Yoast SEO plugin. -->","yoast_head_json":{"title":"Cable car of Montjuic - Prestige Barcelona Tourist Guide","description":"Get on the Telef\u00e8ric de Montju\u00efc and let yourself be seduced by Barcelona, go up to the Castle and enjoy fantastic views of the port and the city. Access:","robots":{"index":"index","follow":"follow","max-snippet":"max-snippet:-1","max-image-preview":"max-image-preview:large","max-video-preview":"max-video-preview:-1"},"canonical":"https:\/\/bcn-guide.com\/en\/information-of-interest-to-visit-barcelona\/transportation\/cable-car-of-montjuic\/","og_locale":"en_US","og_type":"article","og_title":"Cable car of Montjuic - Prestige Barcelona Tourist Guide","og_description":"Get on the Telef\u00e8ric de Montju\u00efc and let yourself be seduced by Barcelona, go up to the Castle and enjoy fantastic views of the port and the city. Access:","og_url":"https:\/\/bcn-guide.com\/en\/information-of-interest-to-visit-barcelona\/transportation\/cable-car-of-montjuic\/","og_site_name":"Prestige Barcelona Tourist Guide","article_modified_time":"2022-02-20T01:25:01+00:00","og_image":[{"width":1500,"height":1200,"url":"https:\/\/bcn-guide.com\/wp-content\/uploads\/2018\/05\/TELEFERICO-MAR.jpg","type":"image\/jpeg"}],"twitter_card":"summary_large_image","schema":{"@context":"https:\/\/schema.org","@graph":[{"@type":"WebPage","@id":"https:\/\/bcn-guide.com\/en\/information-of-interest-to-visit-barcelona\/transportation\/cable-car-of-montjuic\/","url":"https:\/\/bcn-guide.com\/en\/information-of-interest-to-visit-barcelona\/transportation\/cable-car-of-montjuic\/","name":"Cable car of Montjuic - Prestige Barcelona Tourist Guide","isPartOf":{"@id":"https:\/\/bcn-guide.com\/en\/#website"},"primaryImageOfPage":{"@id":"https:\/\/bcn-guide.com\/en\/information-of-interest-to-visit-barcelona\/transportation\/cable-car-of-montjuic\/#primaryimage"},"image":{"@id":"https:\/\/bcn-guide.com\/en\/information-of-interest-to-visit-barcelona\/transportation\/cable-car-of-montjuic\/#primaryimage"},"thumbnailUrl":"https:\/\/bcn-guide.com\/wp-content\/uploads\/2018\/05\/TELEFERICO-MAR.jpg","datePublished":"2018-05-15T09:32:14+00:00","dateModified":"2022-02-20T01:25:01+00:00","description":"Get on the Telef\u00e8ric de Montju\u00efc and let yourself be seduced by Barcelona, go up to the Castle and enjoy fantastic views of the port and the city. Access:","breadcrumb":{"@id":"https:\/\/bcn-guide.com\/en\/information-of-interest-to-visit-barcelona\/transportation\/cable-car-of-montjuic\/#breadcrumb"},"inLanguage":"en-US","potentialAction":[{"@type":"ReadAction","target":["https:\/\/bcn-guide.com\/en\/information-of-interest-to-visit-barcelona\/transportation\/cable-car-of-montjuic\/"]}]},{"@type":"ImageObject","inLanguage":"en-US","@id":"https:\/\/bcn-guide.com\/en\/information-of-interest-to-visit-barcelona\/transportation\/cable-car-of-montjuic\/#primaryimage","url":"https:\/\/bcn-guide.com\/wp-content\/uploads\/2018\/05\/TELEFERICO-MAR.jpg","contentUrl":"https:\/\/bcn-guide.com\/wp-content\/uploads\/2018\/05\/TELEFERICO-MAR.jpg","width":1500,"height":1200},{"@type":"BreadcrumbList","@id":"https:\/\/bcn-guide.com\/en\/information-of-interest-to-visit-barcelona\/transportation\/cable-car-of-montjuic\/#breadcrumb","itemListElement":[{"@type":"ListItem","position":1,"name":"Inicio","item":"https:\/\/bcn-guide.com\/en\/"},{"@type":"ListItem","position":2,"name":"Information of interest to visit Barcelona","item":"https:\/\/bcn-guide.com\/en\/information-of-interest-to-visit-barcelona\/"},{"@type":"ListItem","position":3,"name":"Transportation","item":"https:\/\/bcn-guide.com\/en\/information-of-interest-to-visit-barcelona\/transportation\/"},{"@type":"ListItem","position":4,"name":"Cable car of Montjuic"}]},{"@type":"WebSite","@id":"https:\/\/bcn-guide.com\/en\/#website","url":"https:\/\/bcn-guide.com\/en\/","name":"Prestige Barcelona Tourist Guide","description":"","potentialAction":[{"@type":"SearchAction","target":{"@type":"EntryPoint","urlTemplate":"https:\/\/bcn-guide.com\/en\/?s={search_term_string}"},"query-input":{"@type":"PropertyValueSpecification","valueRequired":true,"valueName":"search_term_string"}}],"inLanguage":"en-US"}]}},"_links":{"self":[{"href":"https:\/\/bcn-guide.com\/en\/wp-json\/wp\/v2\/pages\/679","targetHints":{"allow":["GET"]}}],"collection":[{"href":"https:\/\/bcn-guide.com\/en\/wp-json\/wp\/v2\/pages"}],"about":[{"href":"https:\/\/bcn-guide.com\/en\/wp-json\/wp\/v2\/types\/page"}],"author":[{"embeddable":true,"href":"https:\/\/bcn-guide.com\/en\/wp-json\/wp\/v2\/users\/1"}],"replies":[{"embeddable":true,"href":"https:\/\/bcn-guide.com\/en\/wp-json\/wp\/v2\/comments?post=679"}],"version-history":[{"count":2,"href":"https:\/\/bcn-guide.com\/en\/wp-json\/wp\/v2\/pages\/679\/revisions"}],"predecessor-version":[{"id":3589,"href":"https:\/\/bcn-guide.com\/en\/wp-json\/wp\/v2\/pages\/679\/revisions\/3589"}],"up":[{"embeddable":true,"href":"https:\/\/bcn-guide.com\/en\/wp-json\/wp\/v2\/pages\/3453"}],"wp:featuredmedia":[{"embeddable":true,"href":"https:\/\/bcn-guide.com\/en\/wp-json\/wp\/v2\/media\/1400"}],"wp:attachment":[{"href":"https:\/\/bcn-guide.com\/en\/wp-json\/wp\/v2\/media?parent=679"}],"curies":[{"name":"wp","href":"https:\/\/api.w.org\/{rel}","templated":true}]}}