{"id":3708,"date":"2022-08-17T14:47:03","date_gmt":"2022-08-17T14:47:03","guid":{"rendered":"https:\/\/bcn-guide.com\/cookies\/"},"modified":"2022-08-17T14:47:03","modified_gmt":"2022-08-17T14:47:03","slug":"cookies","status":"publish","type":"page","link":"https:\/\/bcn-guide.com\/en\/cookies\/","title":{"rendered":"Pol\u00edtica de cookies"},"content":{"rendered":"\n<p>Una \u201cCookie\u201d es un peque\u00f1o archivo que se almacena en el ordenador del usuario y nos permite reconocerle. El conjunto de \u201ccookies\u201d nos ayuda a mejorar la calidad de nuestra web, permiti\u00e9ndonos controlar qu\u00e9 p\u00e1ginas encuentran nuestros usuarios \u00fatiles y cu\u00e1les no.<\/p>\n\n\n\n<p>Las cookies son esenciales para el funcionamiento de internet, aportando innumerables ventajas en la prestaci\u00f3n de servicios interactivos, facilit\u00e1ndole la navegaci\u00f3n y usabilidad de nuestra web. Tenga en cuenta que las cookies no pueden da\u00f1ar su equipo y que, a cambio, el que est\u00e9n activadas nos ayudan a identificar y resolver los errores.<\/p>\n\n\n\n<p>La informaci\u00f3n que le proporcionamos a continuaci\u00f3n, le ayudar\u00e1 a comprender los diferentes tipos de cookies:<\/p>\n\n\n\n<p><strong>Cookies de sesi\u00f3n: <\/strong>son cookies temporales que permanecen en el archivo de cookies de su navegador hasta que abandone la p\u00e1gina web, por lo que ninguna queda registrada en el disco duro del usuario. La informaci\u00f3n obtenida por medio de estas cookies, sirven para analizar pautas de tr\u00e1fico en la web. A la larga, esto nos permite proporcionar una mejor experiencia para mejorar el contenido y facilitando su uso.<\/p>\n\n\n\n<p><strong>Cookies permanentes: <\/strong>son almacenadas en el disco duro y nuestra web las lee cada vez que usted realiza una nueva visita. Una web permanente posee una fecha de expiraci\u00f3n determinada. La cookie dejar\u00e1 de funcionar despu\u00e9s de esa fecha.<\/p>\n\n\n\n<p>A continuaci\u00f3n publicamos una relaci\u00f3n de las principales cookies utilizadas en nuestra Web, distinguiendo:<\/p>\n\n\n\n<p><strong>Las cookies propias&nbsp;<\/strong>como por ejemplo, aquellas que sirvan para una correcta navegaci\u00f3n o las que permitan realizar servicios solicitados por el usuario o cookies que sirvan para asegurar que el contenido de la p\u00e1gina web se carga eficazmente.<\/p>\n\n\n\n<p><strong>Las cookies de terceros <\/strong>como por ejemplo, las usadas por redes sociales, o por complementos externos de contenido.<\/p>\n\n\n\n<p>Las <strong>cookies anal\u00edticas <\/strong>con prop\u00f3sitos de mantenimiento peri\u00f3dico, y en aras de garantizar el mejor servicio posible al usuario, los sitios web\u00b4s hacen uso normalmente de cookies \u201canal\u00edticas\u201d para recopilar datos estad\u00edsticos de la actividad.<\/p>\n\n\n\n<div class=\"ghostkit-divider ghostkit-divider-type-solid ghostkit-custom-13ElhT\"><\/div>\n\n\n\n<h2 class=\"wp-block-heading\" id=\"relacion-y-descripcion-de-las-cookies-que-utilizamos-en-el-sitio-web\">Relaci\u00f3n y descripci\u00f3n de las cookies que utilizamos en el sitio web<\/h2>\n\n\n\n<p>La tabla que publicamos a continuaci\u00f3n recoge de forma esquematizada las cookies que utilizamos en nuestra p\u00e1gina web:<\/p>\n\n\n\n<figure class=\"wp-block-table\"><table><thead><tr><th>Cookie<\/th><th>Nombre<\/th><th>Finalidad \/ Informaci\u00f3n<\/th><th>Vencimiento<\/th><\/tr><\/thead><tbody><tr><td>Propias<\/td><td>cookie_consent_level, cookie_consent_user_accepted<\/td><td>Recuerda la aceptaci\u00f3n de nuestra pol\u00edtica de cookies.<\/td><td>2 meses<\/td><\/tr><tr><td>Propias<\/td><td><\/td><td>Recuerda las preferencias de idioma del usuario.<\/td><td>1 d\u00eda<\/td><\/tr><tr><td>Anal\u00edticas<\/td><td>_ga<\/td><td>Utilizamos&nbsp;<strong>Google Analytics<\/strong> para poder hacer un seguimiento de la actividad realizada en nuestro sitio. Las cookies de <strong>Google Analytics<\/strong> recopilan informaci\u00f3n de registro est\u00e1ndar y datos sobre los h\u00e1bitos de los visitantes de forma an\u00f3nima. <a href=\"http:\/\/developers.google.com\/analytics\/resources\/concepts\/gaConceptsCookies\" target=\"_blank\" rel=\"noreferrer noopener\">M\u00e1s informaci\u00f3n<\/a><\/td><td>2 a\u00f1os<\/td><\/tr><tr><td><\/td><td>_gid<\/td><td><\/td><td>1 d\u00eda<\/td><\/tr><\/tbody><\/table><\/figure>\n\n\n\n<div class=\"ghostkit-divider ghostkit-divider-type-solid ghostkit-custom-uiake\"><\/div>\n\n\n\n<h2 class=\"wp-block-heading\" id=\"garantias-complementarias-de-la-gestion-de-cookies\">Garant\u00edas complementarias de la gesti\u00f3n de cookies<\/h2>\n\n\n\n<p>Como garant\u00eda complementaria a las anteriormente descritas, el registro de las cookies podr\u00e1 estar sujeto a su aceptaci\u00f3n durante la instalaci\u00f3n o puesta al d\u00eda del navegador usado, y esta aceptaci\u00f3n puede en todo momento ser revocada mediante las opciones de configuraci\u00f3n de contenidos y privacidad disponibles.<\/p>\n\n\n\n<p>Muchos navegadores permiten activar un modo privado mediante el cual las cookies se borran siempre despu\u00e9s de su visita. Dependiendo de cada navegador este modo privado, puede tener diferentes nombres. A continuaci\u00f3n encontrar\u00e1 una lista de los navegadores m\u00e1s comunes y los diferentes&nbsp; nombres de este \u201cmodo privado\u201d:<\/p>\n\n\n\n<ul class=\"wp-block-list\"><li><strong>Internet Explorer 8 <\/strong>y superior; InPrivate<\/li><li><strong>Safari 2 <\/strong>y superior; Navegaci\u00f3n Privada<\/li><li><strong>Opera 10.5 <\/strong>y superior; Navegaci\u00f3n Privada<\/li><li><strong>FireFox 3.5 <\/strong>y superior; Navegaci\u00f3n Privada<\/li><li><strong>Google Chrome 10 <\/strong>y superior; Inc\u00f3gnito<\/li><\/ul>\n\n\n\n<p><strong>Importante: <\/strong>Por favor, lea atentamente la secci\u00f3n de ayuda de su navegador para conocer m\u00e1s acerca de c\u00f3mo activar el \u201cmodo privado\u201d. Podr\u00e1 seguir visitando nuestra web aunque su navegador est\u00e9 en \u201cmodo privado\u201d, <strong>si bien, su navegaci\u00f3n por nuestra web puede no ser \u00f3ptima y algunas utilidades pueden no funcionar correctamente<\/strong>.<\/p>\n\n\n\n<div class=\"ghostkit-divider ghostkit-divider-type-solid ghostkit-custom-Z1Ojfn4\"><\/div>\n\n\n\n<p>Puedes cambiar en todo momento tus preferencias sobre las cookies de este sitio web haciendo clic en el siguiente bot\u00f3n:<\/p>\n\n\n\n<div class=\"wp-block-buttons is-layout-flex wp-block-buttons-is-layout-flex\">\n<div class=\"wp-block-button has-custom-font-size has-small-font-size\" id=\"changePreferences\"><a class=\"wp-block-button__link\">Cambiar preferencias<\/a><\/div>\n<\/div>\n","protected":false},"excerpt":{"rendered":"<p>Una \u201cCookie\u201d es un peque\u00f1o archivo que se almacena en el ordenador del usuario y nos permite reconocerle. El conjunto de \u201ccookies\u201d nos ayuda a mejorar la calidad de nuestra web, permiti\u00e9ndonos controlar qu\u00e9 p\u00e1ginas encuentran nuestros usuarios \u00fatiles y cu\u00e1les no. Las cookies son esenciales para el funcionamiento de internet, aportando innumerables ventajas en&hellip;<\/p>\n","protected":false},"author":1,"featured_media":0,"parent":0,"menu_order":0,"comment_status":"closed","ping_status":"closed","template":"","meta":{"_acf_changed":false,"ghostkit_customizer_options":"","ghostkit_custom_css":"","ghostkit_custom_js_head":"","ghostkit_custom_js_foot":"","ghostkit_typography":"","footnotes":""},"class_list":["post-3708","page","type-page","status-publish","hentry"],"acf":[],"yoast_head":"<!-- This site is optimized with the Yoast SEO plugin v27.2 - https:\/\/yoast.com\/product\/yoast-seo-wordpress\/ -->\n<title>Pol\u00edtica de cookies - Prestige Barcelona Tourist Guide<\/title>\n<meta name=\"description\" content=\"Una \u201cCookie\u201d es un peque\u00f1o archivo que se almacena en el ordenador del usuario y nos permite reconocerle. El conjunto de \u201ccookies\u201d nos ayuda a mejorar la\" \/>\n<meta name=\"robots\" content=\"index, follow, max-snippet:-1, max-image-preview:large, max-video-preview:-1\" \/>\n<link rel=\"canonical\" href=\"https:\/\/bcn-guide.com\/en\/cookies\/\" \/>\n<meta property=\"og:locale\" content=\"en_US\" \/>\n<meta property=\"og:type\" content=\"article\" \/>\n<meta property=\"og:title\" content=\"Pol\u00edtica de cookies - Prestige Barcelona Tourist Guide\" \/>\n<meta property=\"og:description\" content=\"Una \u201cCookie\u201d es un peque\u00f1o archivo que se almacena en el ordenador del usuario y nos permite reconocerle. El conjunto de \u201ccookies\u201d nos ayuda a mejorar la\" \/>\n<meta property=\"og:url\" content=\"https:\/\/bcn-guide.com\/en\/cookies\/\" \/>\n<meta property=\"og:site_name\" content=\"Prestige Barcelona Tourist Guide\" \/>\n<meta name=\"twitter:card\" content=\"summary_large_image\" \/>\n<meta name=\"twitter:label1\" content=\"Est. reading time\" \/>\n\t<meta name=\"twitter:data1\" content=\"3 minutes\" \/>\n<script type=\"application\/ld+json\" class=\"yoast-schema-graph\">{\"@context\":\"https:\/\/schema.org\",\"@graph\":[{\"@type\":\"WebPage\",\"@id\":\"https:\/\/bcn-guide.com\/en\/cookies\/\",\"url\":\"https:\/\/bcn-guide.com\/en\/cookies\/\",\"name\":\"Pol\u00edtica de cookies - Prestige Barcelona Tourist Guide\",\"isPartOf\":{\"@id\":\"https:\/\/bcn-guide.com\/en\/#website\"},\"datePublished\":\"2022-08-17T14:47:03+00:00\",\"description\":\"Una \u201cCookie\u201d es un peque\u00f1o archivo que se almacena en el ordenador del usuario y nos permite reconocerle. El conjunto de \u201ccookies\u201d nos ayuda a mejorar la\",\"breadcrumb\":{\"@id\":\"https:\/\/bcn-guide.com\/en\/cookies\/#breadcrumb\"},\"inLanguage\":\"en-US\",\"potentialAction\":[{\"@type\":\"ReadAction\",\"target\":[\"https:\/\/bcn-guide.com\/en\/cookies\/\"]}]},{\"@type\":\"BreadcrumbList\",\"@id\":\"https:\/\/bcn-guide.com\/en\/cookies\/#breadcrumb\",\"itemListElement\":[{\"@type\":\"ListItem\",\"position\":1,\"name\":\"Inicio\",\"item\":\"https:\/\/bcn-guide.com\/en\/\"},{\"@type\":\"ListItem\",\"position\":2,\"name\":\"Pol\u00edtica de cookies\"}]},{\"@type\":\"WebSite\",\"@id\":\"https:\/\/bcn-guide.com\/en\/#website\",\"url\":\"https:\/\/bcn-guide.com\/en\/\",\"name\":\"Prestige Barcelona Tourist Guide\",\"description\":\"\",\"potentialAction\":[{\"@type\":\"SearchAction\",\"target\":{\"@type\":\"EntryPoint\",\"urlTemplate\":\"https:\/\/bcn-guide.com\/en\/?s={search_term_string}\"},\"query-input\":{\"@type\":\"PropertyValueSpecification\",\"valueRequired\":true,\"valueName\":\"search_term_string\"}}],\"inLanguage\":\"en-US\"}]}<\/script>\n<!-- \/ Yoast SEO plugin. -->","yoast_head_json":{"title":"Pol\u00edtica de cookies - Prestige Barcelona Tourist Guide","description":"Una \u201cCookie\u201d es un peque\u00f1o archivo que se almacena en el ordenador del usuario y nos permite reconocerle. El conjunto de \u201ccookies\u201d nos ayuda a mejorar la","robots":{"index":"index","follow":"follow","max-snippet":"max-snippet:-1","max-image-preview":"max-image-preview:large","max-video-preview":"max-video-preview:-1"},"canonical":"https:\/\/bcn-guide.com\/en\/cookies\/","og_locale":"en_US","og_type":"article","og_title":"Pol\u00edtica de cookies - Prestige Barcelona Tourist Guide","og_description":"Una \u201cCookie\u201d es un peque\u00f1o archivo que se almacena en el ordenador del usuario y nos permite reconocerle. El conjunto de \u201ccookies\u201d nos ayuda a mejorar la","og_url":"https:\/\/bcn-guide.com\/en\/cookies\/","og_site_name":"Prestige Barcelona Tourist Guide","twitter_card":"summary_large_image","twitter_misc":{"Est. reading time":"3 minutes"},"schema":{"@context":"https:\/\/schema.org","@graph":[{"@type":"WebPage","@id":"https:\/\/bcn-guide.com\/en\/cookies\/","url":"https:\/\/bcn-guide.com\/en\/cookies\/","name":"Pol\u00edtica de cookies - Prestige Barcelona Tourist Guide","isPartOf":{"@id":"https:\/\/bcn-guide.com\/en\/#website"},"datePublished":"2022-08-17T14:47:03+00:00","description":"Una \u201cCookie\u201d es un peque\u00f1o archivo que se almacena en el ordenador del usuario y nos permite reconocerle. El conjunto de \u201ccookies\u201d nos ayuda a mejorar la","breadcrumb":{"@id":"https:\/\/bcn-guide.com\/en\/cookies\/#breadcrumb"},"inLanguage":"en-US","potentialAction":[{"@type":"ReadAction","target":["https:\/\/bcn-guide.com\/en\/cookies\/"]}]},{"@type":"BreadcrumbList","@id":"https:\/\/bcn-guide.com\/en\/cookies\/#breadcrumb","itemListElement":[{"@type":"ListItem","position":1,"name":"Inicio","item":"https:\/\/bcn-guide.com\/en\/"},{"@type":"ListItem","position":2,"name":"Pol\u00edtica de cookies"}]},{"@type":"WebSite","@id":"https:\/\/bcn-guide.com\/en\/#website","url":"https:\/\/bcn-guide.com\/en\/","name":"Prestige Barcelona Tourist Guide","description":"","potentialAction":[{"@type":"SearchAction","target":{"@type":"EntryPoint","urlTemplate":"https:\/\/bcn-guide.com\/en\/?s={search_term_string}"},"query-input":{"@type":"PropertyValueSpecification","valueRequired":true,"valueName":"search_term_string"}}],"inLanguage":"en-US"}]}},"_links":{"self":[{"href":"https:\/\/bcn-guide.com\/en\/wp-json\/wp\/v2\/pages\/3708","targetHints":{"allow":["GET"]}}],"collection":[{"href":"https:\/\/bcn-guide.com\/en\/wp-json\/wp\/v2\/pages"}],"about":[{"href":"https:\/\/bcn-guide.com\/en\/wp-json\/wp\/v2\/types\/page"}],"author":[{"embeddable":true,"href":"https:\/\/bcn-guide.com\/en\/wp-json\/wp\/v2\/users\/1"}],"replies":[{"embeddable":true,"href":"https:\/\/bcn-guide.com\/en\/wp-json\/wp\/v2\/comments?post=3708"}],"version-history":[{"count":0,"href":"https:\/\/bcn-guide.com\/en\/wp-json\/wp\/v2\/pages\/3708\/revisions"}],"wp:attachment":[{"href":"https:\/\/bcn-guide.com\/en\/wp-json\/wp\/v2\/media?parent=3708"}],"curies":[{"name":"wp","href":"https:\/\/api.w.org\/{rel}","templated":true}]}}