{"id":3702,"date":"2022-08-17T14:31:49","date_gmt":"2022-08-17T14:31:49","guid":{"rendered":"https:\/\/bcn-guide.com\/legal\/"},"modified":"2022-08-17T14:31:49","modified_gmt":"2022-08-17T14:31:49","slug":"legal","status":"publish","type":"page","link":"https:\/\/bcn-guide.com\/en\/legal\/","title":{"rendered":"Aviso legal y pol\u00edtica de privacidad"},"content":{"rendered":"\n<h2 class=\"wp-block-heading\" id=\"aviso-legal\">Aviso legal<\/h2>\n\n\n\n<h3 class=\"wp-block-heading\" id=\"datos-identificativos\">Datos identificativos<\/h3>\n\n\n\n<p>El titular de bcn-guide.com es XXXXXXX (en adelante BARCELONA PRESTIGE) con domicilio en XXXXXXX, Barcelona, con CIF\/NIF BXXXXXXX e inscrita en el Registro Mercantil de Barcelona, inscripci\u00f3n 1\u00aa de la hoja B-XXXX, al folio XXX del tomo XXX del archivo, de la Secci\u00f3n General de Sociedades, de fecha XX de XXX de XXXX. Correo electr\u00f3nico de contacto XXXX@bcn-guide.com.<\/p>\n\n\n\n<h3 class=\"wp-block-heading\" id=\"usuarios\">Usuarios<\/h3>\n\n\n\n<p>El acceso y\/o uso de este portal de BARCELONA PRESTIGE atribuye la condici\u00f3n de USUARIO, que acepta, desde dicho acceso y\/o uso, las Condiciones Generales de Uso aqu\u00ed reflejadas. Las citadas Condiciones ser\u00e1n de aplicaci\u00f3n independientemente de las Condiciones Generales de Contrataci\u00f3n que en su caso resulten de obligado cumplimiento.<\/p>\n\n\n\n<h3 class=\"wp-block-heading\" id=\"uso-del-sitio-web\">Uso del sitio web<\/h3>\n\n\n\n<p>bcn-guide.com proporciona el acceso a multitud de informaciones, servicios, programas o datos (en adelante, \u201clos contenidos\u201d) en Internet pertenecientes a BARCELONA PRESTIGE o a sus licenciantes a los que el USUARIO pueda tener acceso. El USUARIO asume la responsabilidad del uso del portal. Dicha responsabilidad se extiende al registro que fuese necesario para acceder a determinados servicios o contenidos. En dicho registro el USUARIO ser\u00e1 responsable de aportar informaci\u00f3n veraz y l\u00edcita. Como consecuencia de este registro, al USUARIO se le puede proporcionar una contrase\u00f1a de la que ser\u00e1 responsable, comprometi\u00e9ndose a hacer un uso diligente y confidencial de la misma. El USUARIO se compromete a hacer un uso adecuado de los contenidos y servicios (como por ejemplo servicios de chat, foros de discusi\u00f3n o grupos de noticias) que BARCELONA PRESTIGE ofrece a trav\u00e9s de su portal y con car\u00e1cter enunciativo pero no limitativo, a no emplearlos para (i) incurrir en actividades il\u00edcitas, ilegales o contrarias a la buena fe y al orden p\u00fablico; (ii) difundir contenidos o propaganda de car\u00e1cter racista, xen\u00f3fobo, pornogr\u00e1fico-ilegal, de apolog\u00eda del terrorismo o atentatorio contra los derechos humanos; (iii) provocar da\u00f1os en los sistemas f\u00edsicos y l\u00f3gicos de BARCELONA PRESTIGE, de sus proveedores o de terceras personas, introducir o difundir en la red virus inform\u00e1ticos o cualesquiera otros sistemas f\u00edsicos o l\u00f3gicos que sean susceptibles de provocar los da\u00f1os anteriormente mencionados; (iv) intentar acceder y, en su caso, utilizar las cuentas de correo electr\u00f3nico de otros usuarios y modificar o manipular sus mensajes. BARCELONA PRESTIGE se reserva el derecho de retirar todos aquellos comentarios y aportaciones que vulneren el respeto a la dignidad de la persona, que sean discriminatorios, xen\u00f3fobos, racistas, pornogr\u00e1ficos, que atenten contra la juventud o la infancia, el orden o la seguridad p\u00fablica o que, a su juicio, no resultaran adecuados para su publicaci\u00f3n. En cualquier caso, BARCELONA PRESTIGE no ser\u00e1 responsable de las opiniones vertidas por los usuarios a trav\u00e9s de los foros, chats, u otras herramientas de participaci\u00f3n.<\/p>\n\n\n\n<h3 class=\"wp-block-heading\" id=\"propiedad-intelectual-e-industrial\">Propiedad intelectual e industrial<\/h3>\n\n\n\n<p>BARCELONA PRESTIGE por s\u00ed o como cesionaria, es titular de todos los derechos de propiedad intelectual e industrial de su p\u00e1gina web, as\u00ed como de los elementos contenidos en la misma (a t\u00edtulo enunciativo, im\u00e1genes, sonido, audio, v\u00eddeo, software o textos; marcas o logotipos, combinaciones de colores, estructura y dise\u00f1o, selecci\u00f3n de materiales usados, programas de ordenador necesarios para su funcionamiento, acceso y uso, etc.), titularidad de BARCELONA PRESTIGE o bien de sus licenciantes. Todos los derechos reservados. En virtud de lo dispuesto en los art\u00edculos 8 y 32.1, p\u00e1rrafo segundo, de la Ley de Propiedad Intelectual, quedan expresamente prohibidas la reproducci\u00f3n, la distribuci\u00f3n y la comunicaci\u00f3n p\u00fablica, incluida su modalidad de puesta a disposici\u00f3n, de la totalidad o parte de los contenidos de esta p\u00e1gina web, con fines comerciales, en cualquier soporte y por cualquier medio t\u00e9cnico, sin la autorizaci\u00f3n de BARCELONA PRESTIGE. El USUARIO se compromete a respetar los derechos de Propiedad Intelectual e Industrial titularidad de BARCELONA PRESTIGE. Podr\u00e1 visualizar los elementos del portal e incluso imprimirlos, copiarlos y almacenarlos en el disco duro de su ordenador o en cualquier otro soporte f\u00edsico siempre y cuando sea, \u00fanica y exclusivamente, para su uso personal y privado. El USUARIO deber\u00e1 abstenerse de suprimir, alterar, eludir o manipular cualquier dispositivo de protecci\u00f3n o sistema de seguridad que estuviera instalado en el las p\u00e1ginas de BARCELONA PRESTIGE.<\/p>\n\n\n\n<h3 class=\"wp-block-heading\" id=\"exclusion-de-garantias-y-responsabilidad\">Exclusi\u00f3n de garant\u00edas y responsabilidad<\/h3>\n\n\n\n<p>BARCELONA PRESTIGE no se hace responsable, en ning\u00fan caso, de los da\u00f1os y perjuicios de cualquier naturaleza que pudieran ocasionar, a t\u00edtulo enunciativo: errores u omisiones en los contenidos, falta de disponibilidad del portal o la transmisi\u00f3n de virus o programas maliciosos o lesivos en los contenidos, a pesar de haber adoptado todas las medidas tecnol\u00f3gicas necesarias para evitarlo.<\/p>\n\n\n\n<h3 class=\"wp-block-heading\" id=\"modificaciones\">Modificaciones<\/h3>\n\n\n\n<p>BARCELONA PRESTIGE se reserva el derecho de efectuar sin previo aviso las modificaciones que considere oportunas en su portal, pudiendo cambiar, suprimir o a\u00f1adir tanto los contenidos y servicios que se presten a trav\u00e9s de la misma como la forma en la que \u00e9stos aparezcan presentados o localizados en su portal.<\/p>\n\n\n\n<h3 class=\"wp-block-heading\" id=\"enlaces\">Enlaces<\/h3>\n\n\n\n<p>En el caso de que en nombre del dominio se dispusiesen enlaces o hiperv\u00ednculos hac\u00eda otros sitios de Internet, BARCELONA PRESTIGE no ejercer\u00e1 ning\u00fan tipo de control sobre dichos sitios y contenidos. En ning\u00fan caso BARCELONA PRESTIGE asumir\u00e1 responsabilidad alguna por los contenidos de alg\u00fan enlace perteneciente a un sitio web ajeno, ni garantizar\u00e1 la disponibilidad t\u00e9cnica, calidad, fiabilidad, exactitud, amplitud, veracidad, validez y constitucionalidad de cualquier material o informaci\u00f3n contenida en ninguno de dichos hiperv\u00ednculos u otros sitios de Internet. Igualmente la inclusi\u00f3n de estas conexiones externas no implicar\u00e1 ning\u00fan tipo de asociaci\u00f3n, fusi\u00f3n o participaci\u00f3n con las entidades conectadas.<\/p>\n\n\n\n<h3 class=\"wp-block-heading\" id=\"derecho-de-exclusion\">Derecho de exclusi\u00f3n<\/h3>\n\n\n\n<p>BARCELONA PRESTIGE se reserva el derecho a denegar o retirar el acceso a portal y\/o los servicios ofrecidos sin necesidad de preaviso, a instancia propia o de un tercero, a aquellos usuarios que incumplan las presentes Condiciones Generales de Uso.<\/p>\n\n\n\n<h3 class=\"wp-block-heading\" id=\"generalidades\">Generalidades<\/h3>\n\n\n\n<p>BARCELONA PRESTIGE perseguir\u00e1 el incumplimiento de las presentes condiciones as\u00ed como cualquier utilizaci\u00f3n indebida de su portal ejerciendo todas las acciones civiles y penales que le puedan corresponder en derecho.<\/p>\n\n\n\n<h3 class=\"wp-block-heading\" id=\"modificacion-de-las-presentes-condiciones-y-duracion\">Modificaci\u00f3n de las presentes condiciones y duraci\u00f3n<\/h3>\n\n\n\n<p>BARCELONA PRESTIGE podr\u00e1 modificar en cualquier momento las condiciones aqu\u00ed determinadas, siendo debidamente publicadas como aqu\u00ed aparecen. La vigencia de las citadas condiciones ir\u00e1 en funci\u00f3n de su exposici\u00f3n y estar\u00e1n vigentes hasta que sean modificadas por otras debidamente publicadas.<\/p>\n\n\n\n<h3 class=\"wp-block-heading\" id=\"legislacion-aplicable-y-jurisdiccion\">Legislaci\u00f3n aplicable y jurisdicci\u00f3n<\/h3>\n\n\n\n<p>La relaci\u00f3n entre BARCELONA PRESTIGE y el USUARIO se regir\u00e1 por la normativa espa\u00f1ola vigente y cualquier controversia se someter\u00e1 a los Juzgados y tribunales de la ciudad de Barcelona.<\/p>\n\n\n\n<div class=\"ghostkit-divider ghostkit-divider-type-solid ghostkit-custom-OKTIw\"><\/div>\n\n\n\n<h2 class=\"wp-block-heading\" id=\"politica-de-privacidad\">Pol\u00edtica de Privacidad<\/h2>\n\n\n\n<p>La confidencialidad y la seguridad son algunos de nuestros valores primordiales y, en consecuencia, asumimos el compromiso de garantizar la privacidad del Usuario en todo momento y de no recabar informaci\u00f3n innecesaria. A continuaci\u00f3n, le proporcionamos toda la informaci\u00f3n necesaria sobre nuestra Pol\u00edtica de Privacidad en relaci\u00f3n con los datos personales que recabamos, explic\u00e1ndole:<\/p>\n\n\n\n<ul class=\"wp-block-list\"><li>Qui\u00e9n es el responsable del tratamiento de sus datos.<\/li><li>Para qu\u00e9 finalidades recabamos los datos que le solicitamos.<\/li><li>Cu\u00e1l es la legitimaci\u00f3n para su tratamiento.<\/li><li>Durante cu\u00e1nto tiempo los conservamos.<\/li><li>A qu\u00e9 destinatarios se comunican sus datos.<\/li><li>Cu\u00e1les son sus derechos.<\/li><\/ul>\n\n\n\n<h3 class=\"wp-block-heading\" id=\"responsable-del-tratamiento-de-datos\">Responsable del tratamiento de datos<\/h3>\n\n\n\n<p>Nombre del responsable: XXXXXXXXXX<br>NIF: XXXXXXXX<br>Domicilio: XXXXXXXx Barcelona (Espa\u00f1a)<br>Email de contacto: XXX@bcn-guide.com<\/p>\n\n\n\n<h3 class=\"wp-block-heading\" id=\"finalidades-legitimacion-y-conservacion-de-los-tratamientos-de-los-datos-enviados-a-traves-de\">Finalidades, legitimaci\u00f3n y conservaci\u00f3n de los tratamientos de los datos enviados a trav\u00e9s de:<\/h3>\n\n\n\n<p><strong>FORMULARIO DE CONTACTO<\/strong><\/p>\n\n\n\n<ul class=\"wp-block-list\"><li>Finalidad: Facilitarle un medio para que pueda ponerse en contacto con nosotros y contestar a sus solicitudes de informaci\u00f3n, as\u00ed como enviarle comunicaciones de nuestros productos, servicios y actividades, inclusive por medios electr\u00f3nicos (Correo electr\u00f3nico, SMS, WhatsApp), si marca la casilla de aceptaci\u00f3n.<\/li><li>Legitimaci\u00f3n: El consentimiento del usuario al solicitarnos informaci\u00f3n a trav\u00e9s de nuestro formulario de contactos y al marcar la casilla de aceptaci\u00f3n de env\u00edo de informaci\u00f3n.<\/li><li>Conservaci\u00f3n: Una vez resulta su solicitud por medio de nuestro formulario o contestada por correo electr\u00f3nico, si no ha generado un nuevo tratamiento, y en caso de haber aceptado recibir env\u00edos comerciales, hasta que solicite la baja de los mismos.<\/li><\/ul>\n\n\n\n<p><strong>ENV\u00cdO DE CORREOS ELECTR\u00d3NICOS<\/strong><\/p>\n\n\n\n<ul class=\"wp-block-list\"><li>Finalidad: Contestar a sus solicitudes de informaci\u00f3n, atender sus peticiones y responder sus consultas o dudas.<\/li><li>Legitimaci\u00f3n: El consentimiento del usuario al solicitarnos informaci\u00f3n a trav\u00e9s de la direcci\u00f3n de correo electr\u00f3nico.<\/li><li>Conservaci\u00f3n: Una vez resulta contestada su petici\u00f3n por correo electr\u00f3nico, si no ha generado un nuevo tratamiento.<\/li><\/ul>\n\n\n\n<h3 class=\"wp-block-heading\" id=\"obligacion-de-facilitarnos-sus-datos-personales-y-consecuencias-de-no-hacerlo\">Obligaci\u00f3n de facilitarnos sus datos personales y consecuencias de no hacerlo<\/h3>\n\n\n\n<p>El suministro de datos personales requiere una edad m\u00ednima de 13 a\u00f1os, o en su caso, disponer de capacidad jur\u00eddica suficiente para contratar.<\/p>\n\n\n\n<p>Los datos personales solicitados son necesarios para gestionar sus solicitudes y\/o prestarle los servicios que pueda contratar, por lo que, si no nos los facilita, no podremos atenderle correctamente ni prestarle el servicio que ha solicitado.<\/p>\n\n\n\n<h3 class=\"wp-block-heading\" id=\"destinatarios-de-sus-datos\">Destinatarios de sus datos<\/h3>\n\n\n\n<p>Sus datos son confidenciales y no se ceder\u00e1n a terceros, salvo que se requiera para gestionar los servicios contratados o que exista obligaci\u00f3n legal.<\/p>\n\n\n\n<h3 class=\"wp-block-heading\" id=\"derechos-en-relacion-con-sus-datos-personales\">Derechos en relaci\u00f3n con sus datos personales<\/h3>\n\n\n\n<p>Cualquier persona puede retirar su consentimiento en cualquier momento, cuando el mismo se haya otorgado para el tratamiento de sus datos. En ning\u00fan caso, la retirada de este consentimiento condiciona la ejecuci\u00f3n del contrato de suscripci\u00f3n o las relaciones generadas con anterioridad.<\/p>\n\n\n\n<p>Igualmente, puede ejercer los siguientes derechos:<\/p>\n\n\n\n<ul class=\"wp-block-list\"><li>Solicitar el acceso a sus datos personales o su rectificaci\u00f3n cuando sean inexactos.<\/li><li>Solicitar su supresi\u00f3n cuando, entre otros motivos, los datos ya no sean necesarios para los fines para los que fueron recogidos.<\/li><li>Solicitar la limitaci\u00f3n de su tratamiento en determinadas circunstancias.<\/li><li>Solicitar la oposici\u00f3n al tratamiento de sus datos por motivos relacionados con su situaci\u00f3n particular.<\/li><li>Solicitar la portabilidad de los datos en los casos previstos en la normativa.<\/li><li>Otros derechos reconocidos en las normativas aplicables.<\/li><li>D\u00f3nde y c\u00f3mo solicitar sus Derechos: Mediante un escrito dirigido al responsable a su direcci\u00f3n postal o electr\u00f3nica (indicadas en el apartado A), indicando la referencia \u201cDatos Personales\u201d, especificando el derecho que se quiere ejercer y respecto a qu\u00e9 datos personales.<\/li><\/ul>\n\n\n\n<p>En caso de divergencias con la empresa en relaci\u00f3n con el tratamiento de sus datos, puede presentar una reclamaci\u00f3n ante la Autoridad de Protecci\u00f3n de Datos (www.agpd.es).<\/p>\n\n\n\n<h3 class=\"wp-block-heading\" id=\"cookies\">Cookies<\/h3>\n\n\n\n<p>Esta p\u00e1gina web, \u00fanicamente utiliza cookies t\u00e9cnicas, de personalizaci\u00f3n y an\u00e1lisis, propias y de terceros (Google Analytics), que en ning\u00fan caso tratan datos de car\u00e1cter personal ni captan h\u00e1bitos de navegaci\u00f3n para fines publicitarios.<\/p>\n\n\n\n<p>Por ello, al acceder a nuestra web, en cumplimiento del art\u00edculo 22 de la Ley de Servicios de la Sociedad de la Informaci\u00f3n, al tratar cookies de an\u00e1lisis, le hemos solicitado su consentimiento para su uso y facilitado informaci\u00f3n de las mismas, que en todo caso se instalar\u00e1n pasado un plazo de tiempo prudencial para que el usuario tenga tiempo de decidir prestar su consentimiento o no.<\/p>\n\n\n\n<p>M\u00e1s informaci\u00f3n sobre las cookies<\/p>\n\n\n\n<h3 class=\"wp-block-heading\" id=\"seguridad-de-sus-datos-personales\">Seguridad de sus datos personales<\/h3>\n\n\n\n<p>Con el objetivo de salvaguardar la seguridad de sus datos personales, le informamos que hemos adoptado todas las medidas de \u00edndole t\u00e9cnica y organizativa necesarias para garantizar la seguridad de los datos personales suministrados de su alteraci\u00f3n, p\u00e9rdida, y tratamientos o accesos no autorizados.<\/p>\n\n\n\n<h3 class=\"wp-block-heading\" id=\"actualizacion-de-sus-datos\">Actualizaci\u00f3n de sus datos<\/h3>\n\n\n\n<p>Es importante que para que podamos mantener sus datos personales actualizados, nos informe siempre que haya habido alguna modificaci\u00f3n en ellos, en caso contrario, no respondemos de la veracidad de los mismos.<\/p>\n\n\n\n<p>No nos hacemos responsables de la pol\u00edtica de privacidad respecto a los datos personales que pueda facilitar a terceros por medio de los enlaces disponibles en nuestra p\u00e1gina web.<\/p>\n\n\n\n<p>La presente Pol\u00edtica de Privacidad puede ser modificada para adaptarlas a los cambios que se produzca en nuestra web, as\u00ed como modificaciones legislativas o jurisprudenciales sobre datos personales que vayan apareciendo, por lo que exige su lectura, cada vez que nos facilite sus datos a trav\u00e9s de esta Web.<\/p>\n","protected":false},"excerpt":{"rendered":"<p>Aviso legal Datos identificativos El titular de bcn-guide.com es XXXXXXX (en adelante BARCELONA PRESTIGE) con domicilio en XXXXXXX, Barcelona, con CIF\/NIF BXXXXXXX e inscrita en el Registro Mercantil de Barcelona, inscripci\u00f3n 1\u00aa de la hoja B-XXXX, al folio XXX del tomo XXX del archivo, de la Secci\u00f3n General de Sociedades, de fecha XX de XXX&hellip;<\/p>\n","protected":false},"author":1,"featured_media":0,"parent":0,"menu_order":0,"comment_status":"closed","ping_status":"closed","template":"","meta":{"_acf_changed":false,"ghostkit_customizer_options":"","ghostkit_custom_css":"","ghostkit_custom_js_head":"","ghostkit_custom_js_foot":"","ghostkit_typography":"","footnotes":""},"class_list":["post-3702","page","type-page","status-publish","hentry"],"acf":[],"yoast_head":"<!-- This site is optimized with the Yoast SEO plugin v27.2 - https:\/\/yoast.com\/product\/yoast-seo-wordpress\/ -->\n<title>Aviso legal y pol\u00edtica de privacidad - Prestige Barcelona Tourist Guide<\/title>\n<meta name=\"description\" content=\"Aviso legal Datos identificativos El titular de bcn-guide.com es XXXXXXX (en adelante BARCELONA PRESTIGE) con domicilio en XXXXXXX, Barcelona, con CIF\/NIF\" \/>\n<meta name=\"robots\" content=\"index, follow, max-snippet:-1, max-image-preview:large, max-video-preview:-1\" \/>\n<link rel=\"canonical\" href=\"https:\/\/bcn-guide.com\/en\/legal\/\" \/>\n<meta property=\"og:locale\" content=\"en_US\" \/>\n<meta property=\"og:type\" content=\"article\" \/>\n<meta property=\"og:title\" content=\"Aviso legal y pol\u00edtica de privacidad - Prestige Barcelona Tourist Guide\" \/>\n<meta property=\"og:description\" content=\"Aviso legal Datos identificativos El titular de bcn-guide.com es XXXXXXX (en adelante BARCELONA PRESTIGE) con domicilio en XXXXXXX, Barcelona, con CIF\/NIF\" \/>\n<meta property=\"og:url\" content=\"https:\/\/bcn-guide.com\/en\/legal\/\" \/>\n<meta property=\"og:site_name\" content=\"Prestige Barcelona Tourist Guide\" \/>\n<meta name=\"twitter:card\" content=\"summary_large_image\" \/>\n<meta name=\"twitter:label1\" content=\"Est. reading time\" \/>\n\t<meta name=\"twitter:data1\" content=\"10 minutes\" \/>\n<script type=\"application\/ld+json\" class=\"yoast-schema-graph\">{\"@context\":\"https:\/\/schema.org\",\"@graph\":[{\"@type\":\"WebPage\",\"@id\":\"https:\/\/bcn-guide.com\/en\/legal\/\",\"url\":\"https:\/\/bcn-guide.com\/en\/legal\/\",\"name\":\"Aviso legal y pol\u00edtica de privacidad - Prestige Barcelona Tourist Guide\",\"isPartOf\":{\"@id\":\"https:\/\/bcn-guide.com\/en\/#website\"},\"datePublished\":\"2022-08-17T14:31:49+00:00\",\"description\":\"Aviso legal Datos identificativos El titular de bcn-guide.com es XXXXXXX (en adelante BARCELONA PRESTIGE) con domicilio en XXXXXXX, Barcelona, con CIF\/NIF\",\"breadcrumb\":{\"@id\":\"https:\/\/bcn-guide.com\/en\/legal\/#breadcrumb\"},\"inLanguage\":\"en-US\",\"potentialAction\":[{\"@type\":\"ReadAction\",\"target\":[\"https:\/\/bcn-guide.com\/en\/legal\/\"]}]},{\"@type\":\"BreadcrumbList\",\"@id\":\"https:\/\/bcn-guide.com\/en\/legal\/#breadcrumb\",\"itemListElement\":[{\"@type\":\"ListItem\",\"position\":1,\"name\":\"Inicio\",\"item\":\"https:\/\/bcn-guide.com\/en\/\"},{\"@type\":\"ListItem\",\"position\":2,\"name\":\"Aviso legal y pol\u00edtica de privacidad\"}]},{\"@type\":\"WebSite\",\"@id\":\"https:\/\/bcn-guide.com\/en\/#website\",\"url\":\"https:\/\/bcn-guide.com\/en\/\",\"name\":\"Prestige Barcelona Tourist Guide\",\"description\":\"\",\"potentialAction\":[{\"@type\":\"SearchAction\",\"target\":{\"@type\":\"EntryPoint\",\"urlTemplate\":\"https:\/\/bcn-guide.com\/en\/?s={search_term_string}\"},\"query-input\":{\"@type\":\"PropertyValueSpecification\",\"valueRequired\":true,\"valueName\":\"search_term_string\"}}],\"inLanguage\":\"en-US\"}]}<\/script>\n<!-- \/ Yoast SEO plugin. -->","yoast_head_json":{"title":"Aviso legal y pol\u00edtica de privacidad - Prestige Barcelona Tourist Guide","description":"Aviso legal Datos identificativos El titular de bcn-guide.com es XXXXXXX (en adelante BARCELONA PRESTIGE) con domicilio en XXXXXXX, Barcelona, con CIF\/NIF","robots":{"index":"index","follow":"follow","max-snippet":"max-snippet:-1","max-image-preview":"max-image-preview:large","max-video-preview":"max-video-preview:-1"},"canonical":"https:\/\/bcn-guide.com\/en\/legal\/","og_locale":"en_US","og_type":"article","og_title":"Aviso legal y pol\u00edtica de privacidad - Prestige Barcelona Tourist Guide","og_description":"Aviso legal Datos identificativos El titular de bcn-guide.com es XXXXXXX (en adelante BARCELONA PRESTIGE) con domicilio en XXXXXXX, Barcelona, con CIF\/NIF","og_url":"https:\/\/bcn-guide.com\/en\/legal\/","og_site_name":"Prestige Barcelona Tourist Guide","twitter_card":"summary_large_image","twitter_misc":{"Est. reading time":"10 minutes"},"schema":{"@context":"https:\/\/schema.org","@graph":[{"@type":"WebPage","@id":"https:\/\/bcn-guide.com\/en\/legal\/","url":"https:\/\/bcn-guide.com\/en\/legal\/","name":"Aviso legal y pol\u00edtica de privacidad - Prestige Barcelona Tourist Guide","isPartOf":{"@id":"https:\/\/bcn-guide.com\/en\/#website"},"datePublished":"2022-08-17T14:31:49+00:00","description":"Aviso legal Datos identificativos El titular de bcn-guide.com es XXXXXXX (en adelante BARCELONA PRESTIGE) con domicilio en XXXXXXX, Barcelona, con CIF\/NIF","breadcrumb":{"@id":"https:\/\/bcn-guide.com\/en\/legal\/#breadcrumb"},"inLanguage":"en-US","potentialAction":[{"@type":"ReadAction","target":["https:\/\/bcn-guide.com\/en\/legal\/"]}]},{"@type":"BreadcrumbList","@id":"https:\/\/bcn-guide.com\/en\/legal\/#breadcrumb","itemListElement":[{"@type":"ListItem","position":1,"name":"Inicio","item":"https:\/\/bcn-guide.com\/en\/"},{"@type":"ListItem","position":2,"name":"Aviso legal y pol\u00edtica de privacidad"}]},{"@type":"WebSite","@id":"https:\/\/bcn-guide.com\/en\/#website","url":"https:\/\/bcn-guide.com\/en\/","name":"Prestige Barcelona Tourist Guide","description":"","potentialAction":[{"@type":"SearchAction","target":{"@type":"EntryPoint","urlTemplate":"https:\/\/bcn-guide.com\/en\/?s={search_term_string}"},"query-input":{"@type":"PropertyValueSpecification","valueRequired":true,"valueName":"search_term_string"}}],"inLanguage":"en-US"}]}},"_links":{"self":[{"href":"https:\/\/bcn-guide.com\/en\/wp-json\/wp\/v2\/pages\/3702","targetHints":{"allow":["GET"]}}],"collection":[{"href":"https:\/\/bcn-guide.com\/en\/wp-json\/wp\/v2\/pages"}],"about":[{"href":"https:\/\/bcn-guide.com\/en\/wp-json\/wp\/v2\/types\/page"}],"author":[{"embeddable":true,"href":"https:\/\/bcn-guide.com\/en\/wp-json\/wp\/v2\/users\/1"}],"replies":[{"embeddable":true,"href":"https:\/\/bcn-guide.com\/en\/wp-json\/wp\/v2\/comments?post=3702"}],"version-history":[{"count":0,"href":"https:\/\/bcn-guide.com\/en\/wp-json\/wp\/v2\/pages\/3702\/revisions"}],"wp:attachment":[{"href":"https:\/\/bcn-guide.com\/en\/wp-json\/wp\/v2\/media?parent=3702"}],"curies":[{"name":"wp","href":"https:\/\/api.w.org\/{rel}","templated":true}]}}