{"id":3470,"date":"2022-02-14T15:57:03","date_gmt":"2022-02-14T15:57:03","guid":{"rendered":"https:\/\/bcn-guide.com\/what-to-see-and-do-in-barcelona\/excursions-near-barcelona\/"},"modified":"2022-02-14T15:57:03","modified_gmt":"2022-02-14T15:57:03","slug":"excursions-near-barcelona","status":"publish","type":"page","link":"https:\/\/bcn-guide.com\/en\/what-to-see-and-do-in-barcelona\/excursions-near-barcelona\/","title":{"rendered":"Excursions near Barcelona"},"content":{"rendered":"<p>Barcelona has an extensive public transport network with which it is easy to reach nearby places of interest and the rest of the regions of Catalonia in a short time. Attractive destinations such as Colonia G\u00fcell with its emblematic crypt by Gaud\u00ed, the Montserrat mountain with its granite massifs, the Pened\u00e9s vineyards or the Maresme beaches are some of these privileged destinations.<\/p>\n","protected":false},"excerpt":{"rendered":"<p>Barcelona has an extensive public transport network with which it is easy to reach nearby places of interest and the rest of the regions of Catalonia in a short time. Attractive destinations such as Colonia G\u00fcell with its emblematic crypt by Gaud\u00ed, the Montserrat mountain with its granite massifs, the Pened\u00e9s vineyards or the Maresme&hellip;<\/p>\n","protected":false},"author":1,"featured_media":1539,"parent":3420,"menu_order":12,"comment_status":"closed","ping_status":"closed","template":"","meta":{"_acf_changed":false,"ghostkit_customizer_options":"","ghostkit_custom_css":"","ghostkit_custom_js_head":"","ghostkit_custom_js_foot":"","ghostkit_typography":"","footnotes":""},"class_list":["post-3470","page","type-page","status-publish","has-post-thumbnail","hentry"],"acf":[],"yoast_head":"<!-- This site is optimized with the Yoast SEO plugin v27.2 - https:\/\/yoast.com\/product\/yoast-seo-wordpress\/ -->\n<title>Excursions near Barcelona - Prestige Barcelona Tourist Guide<\/title>\n<meta name=\"description\" content=\"Barcelona has an extensive public transport network with which it is easy to reach nearby places of interest and the rest of the regions of Catalonia in a\" \/>\n<meta name=\"robots\" content=\"index, follow, max-snippet:-1, max-image-preview:large, max-video-preview:-1\" \/>\n<link rel=\"canonical\" href=\"https:\/\/bcn-guide.com\/en\/what-to-see-and-do-in-barcelona\/excursions-near-barcelona\/\" \/>\n<meta property=\"og:locale\" content=\"en_US\" \/>\n<meta property=\"og:type\" content=\"article\" \/>\n<meta property=\"og:title\" content=\"Excursions near Barcelona - Prestige Barcelona Tourist Guide\" \/>\n<meta property=\"og:description\" content=\"Barcelona has an extensive public transport network with which it is easy to reach nearby places of interest and the rest of the regions of Catalonia in a\" \/>\n<meta property=\"og:url\" content=\"https:\/\/bcn-guide.com\/en\/what-to-see-and-do-in-barcelona\/excursions-near-barcelona\/\" \/>\n<meta property=\"og:site_name\" content=\"Prestige Barcelona Tourist Guide\" \/>\n<meta name=\"twitter:card\" content=\"summary_large_image\" \/>\n<script type=\"application\/ld+json\" class=\"yoast-schema-graph\">{\"@context\":\"https:\/\/schema.org\",\"@graph\":[{\"@type\":\"WebPage\",\"@id\":\"https:\/\/bcn-guide.com\/en\/what-to-see-and-do-in-barcelona\/excursions-near-barcelona\/\",\"url\":\"https:\/\/bcn-guide.com\/en\/what-to-see-and-do-in-barcelona\/excursions-near-barcelona\/\",\"name\":\"Excursions near Barcelona - Prestige Barcelona Tourist Guide\",\"isPartOf\":{\"@id\":\"https:\/\/bcn-guide.com\/en\/#website\"},\"primaryImageOfPage\":{\"@id\":\"https:\/\/bcn-guide.com\/en\/what-to-see-and-do-in-barcelona\/excursions-near-barcelona\/#primaryimage\"},\"image\":{\"@id\":\"https:\/\/bcn-guide.com\/en\/what-to-see-and-do-in-barcelona\/excursions-near-barcelona\/#primaryimage\"},\"thumbnailUrl\":\"https:\/\/bcn-guide.com\/wp-content\/uploads\/2018\/06\/excursionescercadebarcelona.jpg\",\"datePublished\":\"2022-02-14T15:57:03+00:00\",\"description\":\"Barcelona has an extensive public transport network with which it is easy to reach nearby places of interest and the rest of the regions of Catalonia in a\",\"breadcrumb\":{\"@id\":\"https:\/\/bcn-guide.com\/en\/what-to-see-and-do-in-barcelona\/excursions-near-barcelona\/#breadcrumb\"},\"inLanguage\":\"en-US\",\"potentialAction\":[{\"@type\":\"ReadAction\",\"target\":[\"https:\/\/bcn-guide.com\/en\/what-to-see-and-do-in-barcelona\/excursions-near-barcelona\/\"]}]},{\"@type\":\"ImageObject\",\"inLanguage\":\"en-US\",\"@id\":\"https:\/\/bcn-guide.com\/en\/what-to-see-and-do-in-barcelona\/excursions-near-barcelona\/#primaryimage\",\"url\":\"https:\/\/bcn-guide.com\/wp-content\/uploads\/2018\/06\/excursionescercadebarcelona.jpg\",\"contentUrl\":\"https:\/\/bcn-guide.com\/wp-content\/uploads\/2018\/06\/excursionescercadebarcelona.jpg\",\"width\":1500,\"height\":1000},{\"@type\":\"BreadcrumbList\",\"@id\":\"https:\/\/bcn-guide.com\/en\/what-to-see-and-do-in-barcelona\/excursions-near-barcelona\/#breadcrumb\",\"itemListElement\":[{\"@type\":\"ListItem\",\"position\":1,\"name\":\"Inicio\",\"item\":\"https:\/\/bcn-guide.com\/en\/\"},{\"@type\":\"ListItem\",\"position\":2,\"name\":\"What to see and do in Barcelona\",\"item\":\"https:\/\/bcn-guide.com\/en\/what-to-see-and-do-in-barcelona\/\"},{\"@type\":\"ListItem\",\"position\":3,\"name\":\"Excursions near Barcelona\"}]},{\"@type\":\"WebSite\",\"@id\":\"https:\/\/bcn-guide.com\/en\/#website\",\"url\":\"https:\/\/bcn-guide.com\/en\/\",\"name\":\"Prestige Barcelona Tourist Guide\",\"description\":\"\",\"potentialAction\":[{\"@type\":\"SearchAction\",\"target\":{\"@type\":\"EntryPoint\",\"urlTemplate\":\"https:\/\/bcn-guide.com\/en\/?s={search_term_string}\"},\"query-input\":{\"@type\":\"PropertyValueSpecification\",\"valueRequired\":true,\"valueName\":\"search_term_string\"}}],\"inLanguage\":\"en-US\"}]}<\/script>\n<!-- \/ Yoast SEO plugin. -->","yoast_head_json":{"title":"Excursions near Barcelona - Prestige Barcelona Tourist Guide","description":"Barcelona has an extensive public transport network with which it is easy to reach nearby places of interest and the rest of the regions of Catalonia in a","robots":{"index":"index","follow":"follow","max-snippet":"max-snippet:-1","max-image-preview":"max-image-preview:large","max-video-preview":"max-video-preview:-1"},"canonical":"https:\/\/bcn-guide.com\/en\/what-to-see-and-do-in-barcelona\/excursions-near-barcelona\/","og_locale":"en_US","og_type":"article","og_title":"Excursions near Barcelona - Prestige Barcelona Tourist Guide","og_description":"Barcelona has an extensive public transport network with which it is easy to reach nearby places of interest and the rest of the regions of Catalonia in a","og_url":"https:\/\/bcn-guide.com\/en\/what-to-see-and-do-in-barcelona\/excursions-near-barcelona\/","og_site_name":"Prestige Barcelona Tourist Guide","twitter_card":"summary_large_image","schema":{"@context":"https:\/\/schema.org","@graph":[{"@type":"WebPage","@id":"https:\/\/bcn-guide.com\/en\/what-to-see-and-do-in-barcelona\/excursions-near-barcelona\/","url":"https:\/\/bcn-guide.com\/en\/what-to-see-and-do-in-barcelona\/excursions-near-barcelona\/","name":"Excursions near Barcelona - Prestige Barcelona Tourist Guide","isPartOf":{"@id":"https:\/\/bcn-guide.com\/en\/#website"},"primaryImageOfPage":{"@id":"https:\/\/bcn-guide.com\/en\/what-to-see-and-do-in-barcelona\/excursions-near-barcelona\/#primaryimage"},"image":{"@id":"https:\/\/bcn-guide.com\/en\/what-to-see-and-do-in-barcelona\/excursions-near-barcelona\/#primaryimage"},"thumbnailUrl":"https:\/\/bcn-guide.com\/wp-content\/uploads\/2018\/06\/excursionescercadebarcelona.jpg","datePublished":"2022-02-14T15:57:03+00:00","description":"Barcelona has an extensive public transport network with which it is easy to reach nearby places of interest and the rest of the regions of Catalonia in a","breadcrumb":{"@id":"https:\/\/bcn-guide.com\/en\/what-to-see-and-do-in-barcelona\/excursions-near-barcelona\/#breadcrumb"},"inLanguage":"en-US","potentialAction":[{"@type":"ReadAction","target":["https:\/\/bcn-guide.com\/en\/what-to-see-and-do-in-barcelona\/excursions-near-barcelona\/"]}]},{"@type":"ImageObject","inLanguage":"en-US","@id":"https:\/\/bcn-guide.com\/en\/what-to-see-and-do-in-barcelona\/excursions-near-barcelona\/#primaryimage","url":"https:\/\/bcn-guide.com\/wp-content\/uploads\/2018\/06\/excursionescercadebarcelona.jpg","contentUrl":"https:\/\/bcn-guide.com\/wp-content\/uploads\/2018\/06\/excursionescercadebarcelona.jpg","width":1500,"height":1000},{"@type":"BreadcrumbList","@id":"https:\/\/bcn-guide.com\/en\/what-to-see-and-do-in-barcelona\/excursions-near-barcelona\/#breadcrumb","itemListElement":[{"@type":"ListItem","position":1,"name":"Inicio","item":"https:\/\/bcn-guide.com\/en\/"},{"@type":"ListItem","position":2,"name":"What to see and do in Barcelona","item":"https:\/\/bcn-guide.com\/en\/what-to-see-and-do-in-barcelona\/"},{"@type":"ListItem","position":3,"name":"Excursions near Barcelona"}]},{"@type":"WebSite","@id":"https:\/\/bcn-guide.com\/en\/#website","url":"https:\/\/bcn-guide.com\/en\/","name":"Prestige Barcelona Tourist Guide","description":"","potentialAction":[{"@type":"SearchAction","target":{"@type":"EntryPoint","urlTemplate":"https:\/\/bcn-guide.com\/en\/?s={search_term_string}"},"query-input":{"@type":"PropertyValueSpecification","valueRequired":true,"valueName":"search_term_string"}}],"inLanguage":"en-US"}]}},"_links":{"self":[{"href":"https:\/\/bcn-guide.com\/en\/wp-json\/wp\/v2\/pages\/3470","targetHints":{"allow":["GET"]}}],"collection":[{"href":"https:\/\/bcn-guide.com\/en\/wp-json\/wp\/v2\/pages"}],"about":[{"href":"https:\/\/bcn-guide.com\/en\/wp-json\/wp\/v2\/types\/page"}],"author":[{"embeddable":true,"href":"https:\/\/bcn-guide.com\/en\/wp-json\/wp\/v2\/users\/1"}],"replies":[{"embeddable":true,"href":"https:\/\/bcn-guide.com\/en\/wp-json\/wp\/v2\/comments?post=3470"}],"version-history":[{"count":0,"href":"https:\/\/bcn-guide.com\/en\/wp-json\/wp\/v2\/pages\/3470\/revisions"}],"up":[{"embeddable":true,"href":"https:\/\/bcn-guide.com\/en\/wp-json\/wp\/v2\/pages\/3420"}],"wp:featuredmedia":[{"embeddable":true,"href":"https:\/\/bcn-guide.com\/en\/wp-json\/wp\/v2\/media\/1539"}],"wp:attachment":[{"href":"https:\/\/bcn-guide.com\/en\/wp-json\/wp\/v2\/media?parent=3470"}],"curies":[{"name":"wp","href":"https:\/\/api.w.org\/{rel}","templated":true}]}}