{"id":3460,"date":"2022-02-14T15:01:30","date_gmt":"2022-02-14T15:01:30","guid":{"rendered":"https:\/\/bcn-guide.com\/what-to-see-and-do-in-barcelona\/gaudi-barcelona\/"},"modified":"2022-02-14T15:01:30","modified_gmt":"2022-02-14T15:01:30","slug":"gaudi-barcelona","status":"publish","type":"page","link":"https:\/\/bcn-guide.com\/en\/what-to-see-and-do-in-barcelona\/gaudi-barcelona\/","title":{"rendered":"Gaudi and Barcelona"},"content":{"rendered":"<p>He was born in Reus in 1852. He studied architecture at the Barcelona Provincial School of Architecture. Before finishing his studies, Gaud\u00ed collaborated with the architect Josep Fontser\u00e9 on the Ciutadella Park project. In 1878 he won a contest to carry out a project for streetlights for the Pla\u00e7a Reial in Barcelona, existing today. Between 1883 and 1926, Gaud\u00ed left this city a sample of works of a very different nature.<\/p>\n<p>To Antoni Gaud\u00ed he owes not only the temple of the Sagrada Familia. His mark also follows in Park G\u00fcell, Casa Vicens, the pavilions of Finca G\u00fcell, Palau G\u00fcell, Casa Batll\u00f3, Casa Calvet, Casa La Pedrera, Col legi de las Teresianes, Torre Bellesguard, the Colonia G\u00fcell church.<\/p>\n<p>More information at www.antonigaudi.org.<\/p>\n","protected":false},"excerpt":{"rendered":"<p>He was born in Reus in 1852. He studied architecture at the Barcelona Provincial School of Architecture. Before finishing his studies, Gaud\u00ed collaborated with the architect Josep Fontser\u00e9 on the Ciutadella Park project. In 1878 he won a contest to carry out a project for streetlights for the Pla\u00e7a Reial in Barcelona, existing today. Between&hellip;<\/p>\n","protected":false},"author":1,"featured_media":397,"parent":3420,"menu_order":0,"comment_status":"closed","ping_status":"closed","template":"template-arxius.php","meta":{"_acf_changed":false,"ghostkit_customizer_options":"","ghostkit_custom_css":"","ghostkit_custom_js_head":"","ghostkit_custom_js_foot":"","ghostkit_typography":"","footnotes":""},"class_list":["post-3460","page","type-page","status-publish","has-post-thumbnail","hentry"],"acf":[],"yoast_head":"<!-- This site is optimized with the Yoast SEO plugin v27.2 - https:\/\/yoast.com\/product\/yoast-seo-wordpress\/ -->\n<title>Gaudi and Barcelona - Prestige Barcelona Tourist Guide<\/title>\n<meta name=\"description\" content=\"He was born in Reus in 1852. He studied architecture at the Barcelona Provincial School of Architecture. Before finishing his studies, Gaud\u00ed collaborated\" \/>\n<meta name=\"robots\" content=\"index, follow, max-snippet:-1, max-image-preview:large, max-video-preview:-1\" \/>\n<link rel=\"canonical\" href=\"https:\/\/bcn-guide.com\/en\/what-to-see-and-do-in-barcelona\/gaudi-barcelona\/\" \/>\n<meta property=\"og:locale\" content=\"en_US\" \/>\n<meta property=\"og:type\" content=\"article\" \/>\n<meta property=\"og:title\" content=\"Gaudi and Barcelona - Prestige Barcelona Tourist Guide\" \/>\n<meta property=\"og:description\" content=\"He was born in Reus in 1852. He studied architecture at the Barcelona Provincial School of Architecture. Before finishing his studies, Gaud\u00ed collaborated\" \/>\n<meta property=\"og:url\" content=\"https:\/\/bcn-guide.com\/en\/what-to-see-and-do-in-barcelona\/gaudi-barcelona\/\" \/>\n<meta property=\"og:site_name\" content=\"Prestige Barcelona Tourist Guide\" \/>\n<meta name=\"twitter:card\" content=\"summary_large_image\" \/>\n<meta name=\"twitter:label1\" content=\"Est. reading time\" \/>\n\t<meta name=\"twitter:data1\" content=\"1 minute\" \/>\n<script type=\"application\/ld+json\" class=\"yoast-schema-graph\">{\"@context\":\"https:\/\/schema.org\",\"@graph\":[{\"@type\":\"WebPage\",\"@id\":\"https:\/\/bcn-guide.com\/en\/what-to-see-and-do-in-barcelona\/gaudi-barcelona\/\",\"url\":\"https:\/\/bcn-guide.com\/en\/what-to-see-and-do-in-barcelona\/gaudi-barcelona\/\",\"name\":\"Gaudi and Barcelona - Prestige Barcelona Tourist Guide\",\"isPartOf\":{\"@id\":\"https:\/\/bcn-guide.com\/en\/#website\"},\"primaryImageOfPage\":{\"@id\":\"https:\/\/bcn-guide.com\/en\/what-to-see-and-do-in-barcelona\/gaudi-barcelona\/#primaryimage\"},\"image\":{\"@id\":\"https:\/\/bcn-guide.com\/en\/what-to-see-and-do-in-barcelona\/gaudi-barcelona\/#primaryimage\"},\"thumbnailUrl\":\"https:\/\/bcn-guide.com\/wp-content\/uploads\/2018\/03\/lizard-fountain-at-park-guell-in-barcelona-spain-stock-photo.jpg\",\"datePublished\":\"2022-02-14T15:01:30+00:00\",\"description\":\"He was born in Reus in 1852. He studied architecture at the Barcelona Provincial School of Architecture. Before finishing his studies, Gaud\u00ed collaborated\",\"breadcrumb\":{\"@id\":\"https:\/\/bcn-guide.com\/en\/what-to-see-and-do-in-barcelona\/gaudi-barcelona\/#breadcrumb\"},\"inLanguage\":\"en-US\",\"potentialAction\":[{\"@type\":\"ReadAction\",\"target\":[\"https:\/\/bcn-guide.com\/en\/what-to-see-and-do-in-barcelona\/gaudi-barcelona\/\"]}]},{\"@type\":\"ImageObject\",\"inLanguage\":\"en-US\",\"@id\":\"https:\/\/bcn-guide.com\/en\/what-to-see-and-do-in-barcelona\/gaudi-barcelona\/#primaryimage\",\"url\":\"https:\/\/bcn-guide.com\/wp-content\/uploads\/2018\/03\/lizard-fountain-at-park-guell-in-barcelona-spain-stock-photo.jpg\",\"contentUrl\":\"https:\/\/bcn-guide.com\/wp-content\/uploads\/2018\/03\/lizard-fountain-at-park-guell-in-barcelona-spain-stock-photo.jpg\",\"width\":1300,\"height\":863},{\"@type\":\"BreadcrumbList\",\"@id\":\"https:\/\/bcn-guide.com\/en\/what-to-see-and-do-in-barcelona\/gaudi-barcelona\/#breadcrumb\",\"itemListElement\":[{\"@type\":\"ListItem\",\"position\":1,\"name\":\"Inicio\",\"item\":\"https:\/\/bcn-guide.com\/en\/\"},{\"@type\":\"ListItem\",\"position\":2,\"name\":\"What to see and do in Barcelona\",\"item\":\"https:\/\/bcn-guide.com\/en\/what-to-see-and-do-in-barcelona\/\"},{\"@type\":\"ListItem\",\"position\":3,\"name\":\"Gaudi and Barcelona\"}]},{\"@type\":\"WebSite\",\"@id\":\"https:\/\/bcn-guide.com\/en\/#website\",\"url\":\"https:\/\/bcn-guide.com\/en\/\",\"name\":\"Prestige Barcelona Tourist Guide\",\"description\":\"\",\"potentialAction\":[{\"@type\":\"SearchAction\",\"target\":{\"@type\":\"EntryPoint\",\"urlTemplate\":\"https:\/\/bcn-guide.com\/en\/?s={search_term_string}\"},\"query-input\":{\"@type\":\"PropertyValueSpecification\",\"valueRequired\":true,\"valueName\":\"search_term_string\"}}],\"inLanguage\":\"en-US\"}]}<\/script>\n<!-- \/ Yoast SEO plugin. -->","yoast_head_json":{"title":"Gaudi and Barcelona - Prestige Barcelona Tourist Guide","description":"He was born in Reus in 1852. He studied architecture at the Barcelona Provincial School of Architecture. Before finishing his studies, Gaud\u00ed collaborated","robots":{"index":"index","follow":"follow","max-snippet":"max-snippet:-1","max-image-preview":"max-image-preview:large","max-video-preview":"max-video-preview:-1"},"canonical":"https:\/\/bcn-guide.com\/en\/what-to-see-and-do-in-barcelona\/gaudi-barcelona\/","og_locale":"en_US","og_type":"article","og_title":"Gaudi and Barcelona - Prestige Barcelona Tourist Guide","og_description":"He was born in Reus in 1852. He studied architecture at the Barcelona Provincial School of Architecture. Before finishing his studies, Gaud\u00ed collaborated","og_url":"https:\/\/bcn-guide.com\/en\/what-to-see-and-do-in-barcelona\/gaudi-barcelona\/","og_site_name":"Prestige Barcelona Tourist Guide","twitter_card":"summary_large_image","twitter_misc":{"Est. reading time":"1 minute"},"schema":{"@context":"https:\/\/schema.org","@graph":[{"@type":"WebPage","@id":"https:\/\/bcn-guide.com\/en\/what-to-see-and-do-in-barcelona\/gaudi-barcelona\/","url":"https:\/\/bcn-guide.com\/en\/what-to-see-and-do-in-barcelona\/gaudi-barcelona\/","name":"Gaudi and Barcelona - Prestige Barcelona Tourist Guide","isPartOf":{"@id":"https:\/\/bcn-guide.com\/en\/#website"},"primaryImageOfPage":{"@id":"https:\/\/bcn-guide.com\/en\/what-to-see-and-do-in-barcelona\/gaudi-barcelona\/#primaryimage"},"image":{"@id":"https:\/\/bcn-guide.com\/en\/what-to-see-and-do-in-barcelona\/gaudi-barcelona\/#primaryimage"},"thumbnailUrl":"https:\/\/bcn-guide.com\/wp-content\/uploads\/2018\/03\/lizard-fountain-at-park-guell-in-barcelona-spain-stock-photo.jpg","datePublished":"2022-02-14T15:01:30+00:00","description":"He was born in Reus in 1852. He studied architecture at the Barcelona Provincial School of Architecture. Before finishing his studies, Gaud\u00ed collaborated","breadcrumb":{"@id":"https:\/\/bcn-guide.com\/en\/what-to-see-and-do-in-barcelona\/gaudi-barcelona\/#breadcrumb"},"inLanguage":"en-US","potentialAction":[{"@type":"ReadAction","target":["https:\/\/bcn-guide.com\/en\/what-to-see-and-do-in-barcelona\/gaudi-barcelona\/"]}]},{"@type":"ImageObject","inLanguage":"en-US","@id":"https:\/\/bcn-guide.com\/en\/what-to-see-and-do-in-barcelona\/gaudi-barcelona\/#primaryimage","url":"https:\/\/bcn-guide.com\/wp-content\/uploads\/2018\/03\/lizard-fountain-at-park-guell-in-barcelona-spain-stock-photo.jpg","contentUrl":"https:\/\/bcn-guide.com\/wp-content\/uploads\/2018\/03\/lizard-fountain-at-park-guell-in-barcelona-spain-stock-photo.jpg","width":1300,"height":863},{"@type":"BreadcrumbList","@id":"https:\/\/bcn-guide.com\/en\/what-to-see-and-do-in-barcelona\/gaudi-barcelona\/#breadcrumb","itemListElement":[{"@type":"ListItem","position":1,"name":"Inicio","item":"https:\/\/bcn-guide.com\/en\/"},{"@type":"ListItem","position":2,"name":"What to see and do in Barcelona","item":"https:\/\/bcn-guide.com\/en\/what-to-see-and-do-in-barcelona\/"},{"@type":"ListItem","position":3,"name":"Gaudi and Barcelona"}]},{"@type":"WebSite","@id":"https:\/\/bcn-guide.com\/en\/#website","url":"https:\/\/bcn-guide.com\/en\/","name":"Prestige Barcelona Tourist Guide","description":"","potentialAction":[{"@type":"SearchAction","target":{"@type":"EntryPoint","urlTemplate":"https:\/\/bcn-guide.com\/en\/?s={search_term_string}"},"query-input":{"@type":"PropertyValueSpecification","valueRequired":true,"valueName":"search_term_string"}}],"inLanguage":"en-US"}]}},"_links":{"self":[{"href":"https:\/\/bcn-guide.com\/en\/wp-json\/wp\/v2\/pages\/3460","targetHints":{"allow":["GET"]}}],"collection":[{"href":"https:\/\/bcn-guide.com\/en\/wp-json\/wp\/v2\/pages"}],"about":[{"href":"https:\/\/bcn-guide.com\/en\/wp-json\/wp\/v2\/types\/page"}],"author":[{"embeddable":true,"href":"https:\/\/bcn-guide.com\/en\/wp-json\/wp\/v2\/users\/1"}],"replies":[{"embeddable":true,"href":"https:\/\/bcn-guide.com\/en\/wp-json\/wp\/v2\/comments?post=3460"}],"version-history":[{"count":0,"href":"https:\/\/bcn-guide.com\/en\/wp-json\/wp\/v2\/pages\/3460\/revisions"}],"up":[{"embeddable":true,"href":"https:\/\/bcn-guide.com\/en\/wp-json\/wp\/v2\/pages\/3420"}],"wp:featuredmedia":[{"embeddable":true,"href":"https:\/\/bcn-guide.com\/en\/wp-json\/wp\/v2\/media\/397"}],"wp:attachment":[{"href":"https:\/\/bcn-guide.com\/en\/wp-json\/wp\/v2\/media?parent=3460"}],"curies":[{"name":"wp","href":"https:\/\/api.w.org\/{rel}","templated":true}]}}