{"id":3459,"date":"2022-02-14T14:52:39","date_gmt":"2022-02-14T14:52:39","guid":{"rendered":"https:\/\/bcn-guide.com\/information-of-interest-to-visit-barcelona\/transportation\/tranvia-de-barcelona\/"},"modified":"2022-02-20T01:32:55","modified_gmt":"2022-02-20T01:32:55","slug":"tranvia-de-barcelona","status":"publish","type":"page","link":"https:\/\/bcn-guide.com\/en\/information-of-interest-to-visit-barcelona\/transportation\/tranvia-de-barcelona\/","title":{"rendered":"Barcelona tram"},"content":{"rendered":"<p>The Barcelona tramway network has two networks, Trambaix and Trambes\u00f2s, made up of six lines equally subdivided into three each, with a total of 56 stops. The first lines were inaugurated in 2004, its wagons are modern, silent in operation and respectful of the environment. The card modalities are identical to those for the rest of public transport.<\/p>\n<p>The Tram lines are T1 Francesc Maci\u00e0 \u2013 Bon Viatge; T2 Francesc Maci\u00e0 \u2013 Llevant &#8211; Les Planes, and T3 Francesc Maci\u00e0 \u2013 Sant Feliu | Consell.<\/p>\n<p>The towns that the Trambaix runs through are L&#8217;Hospitalet de Llobregat, Esplugues de Llobregat, Cornell\u00e0 de Llobregat, Sant Joan Desp\u00ed, Sant Just Desvern and Sant Feliu de Llobregat. As for the Trambes\u00f2s, it includes the lines T4 Ciutadella | Vila Ol\u00edmpica &#8211; E. Sant Adri\u00e0; T5 Gl\u00f2ries \u2013 Gorg and T6 Gl\u00f2ries \u2013 Sant Adri\u00e0 Station. It connects Barcelona with the towns of Sant Adria del Besos and Badalona, \u200b\u200ballowing access to Ciutadella and Vila Ol\u00edmpica<\/p>\n<p>Rates: single ticket \u20ac2.40.<br \/>\nwww.tram.cat<\/p>\n","protected":false},"excerpt":{"rendered":"<p>The Barcelona tramway network has two networks, Trambaix and Trambes\u00f2s, made up of six lines equally subdivided into three each, with a total of 56 stops. The first lines were inaugurated in 2004, its wagons are modern, silent in operation and respectful of the environment. The card modalities are identical to those for the rest&hellip;<\/p>\n","protected":false},"author":1,"featured_media":2872,"parent":3453,"menu_order":0,"comment_status":"closed","ping_status":"closed","template":"","meta":{"_acf_changed":false,"ghostkit_customizer_options":"","ghostkit_custom_css":"","ghostkit_custom_js_head":"","ghostkit_custom_js_foot":"","ghostkit_typography":"","footnotes":""},"class_list":["post-3459","page","type-page","status-publish","has-post-thumbnail","hentry"],"acf":[],"yoast_head":"<!-- This site is optimized with the Yoast SEO plugin v27.2 - https:\/\/yoast.com\/product\/yoast-seo-wordpress\/ -->\n<title>Barcelona tram - Prestige Barcelona Tourist Guide<\/title>\n<meta name=\"description\" content=\"The Barcelona tramway network has two networks, Trambaix and Trambes\u00f2s, made up of six lines equally subdivided into three each, with a total of 56 stops.\" \/>\n<meta name=\"robots\" content=\"index, follow, max-snippet:-1, max-image-preview:large, max-video-preview:-1\" \/>\n<link rel=\"canonical\" href=\"https:\/\/bcn-guide.com\/en\/information-of-interest-to-visit-barcelona\/transportation\/tranvia-de-barcelona\/\" \/>\n<meta property=\"og:locale\" content=\"en_US\" \/>\n<meta property=\"og:type\" content=\"article\" \/>\n<meta property=\"og:title\" content=\"Barcelona tram - Prestige Barcelona Tourist Guide\" \/>\n<meta property=\"og:description\" content=\"The Barcelona tramway network has two networks, Trambaix and Trambes\u00f2s, made up of six lines equally subdivided into three each, with a total of 56 stops.\" \/>\n<meta property=\"og:url\" content=\"https:\/\/bcn-guide.com\/en\/information-of-interest-to-visit-barcelona\/transportation\/tranvia-de-barcelona\/\" \/>\n<meta property=\"og:site_name\" content=\"Prestige Barcelona Tourist Guide\" \/>\n<meta property=\"article:modified_time\" content=\"2022-02-20T01:32:55+00:00\" \/>\n<meta property=\"og:image\" content=\"https:\/\/bcn-guide.com\/wp-content\/uploads\/2020\/09\/Tram-01-4.jpg\" \/>\n\t<meta property=\"og:image:width\" content=\"1920\" \/>\n\t<meta property=\"og:image:height\" content=\"1440\" \/>\n\t<meta property=\"og:image:type\" content=\"image\/jpeg\" \/>\n<meta name=\"twitter:card\" content=\"summary_large_image\" \/>\n<meta name=\"twitter:label1\" content=\"Est. reading time\" \/>\n\t<meta name=\"twitter:data1\" content=\"1 minute\" \/>\n<script type=\"application\/ld+json\" class=\"yoast-schema-graph\">{\"@context\":\"https:\/\/schema.org\",\"@graph\":[{\"@type\":\"WebPage\",\"@id\":\"https:\/\/bcn-guide.com\/en\/information-of-interest-to-visit-barcelona\/transportation\/tranvia-de-barcelona\/\",\"url\":\"https:\/\/bcn-guide.com\/en\/information-of-interest-to-visit-barcelona\/transportation\/tranvia-de-barcelona\/\",\"name\":\"Barcelona tram - Prestige Barcelona Tourist Guide\",\"isPartOf\":{\"@id\":\"https:\/\/bcn-guide.com\/en\/#website\"},\"primaryImageOfPage\":{\"@id\":\"https:\/\/bcn-guide.com\/en\/information-of-interest-to-visit-barcelona\/transportation\/tranvia-de-barcelona\/#primaryimage\"},\"image\":{\"@id\":\"https:\/\/bcn-guide.com\/en\/information-of-interest-to-visit-barcelona\/transportation\/tranvia-de-barcelona\/#primaryimage\"},\"thumbnailUrl\":\"https:\/\/bcn-guide.com\/wp-content\/uploads\/2020\/09\/Tram-01-4.jpg\",\"datePublished\":\"2022-02-14T14:52:39+00:00\",\"dateModified\":\"2022-02-20T01:32:55+00:00\",\"description\":\"The Barcelona tramway network has two networks, Trambaix and Trambes\u00f2s, made up of six lines equally subdivided into three each, with a total of 56 stops.\",\"breadcrumb\":{\"@id\":\"https:\/\/bcn-guide.com\/en\/information-of-interest-to-visit-barcelona\/transportation\/tranvia-de-barcelona\/#breadcrumb\"},\"inLanguage\":\"en-US\",\"potentialAction\":[{\"@type\":\"ReadAction\",\"target\":[\"https:\/\/bcn-guide.com\/en\/information-of-interest-to-visit-barcelona\/transportation\/tranvia-de-barcelona\/\"]}]},{\"@type\":\"ImageObject\",\"inLanguage\":\"en-US\",\"@id\":\"https:\/\/bcn-guide.com\/en\/information-of-interest-to-visit-barcelona\/transportation\/tranvia-de-barcelona\/#primaryimage\",\"url\":\"https:\/\/bcn-guide.com\/wp-content\/uploads\/2020\/09\/Tram-01-4.jpg\",\"contentUrl\":\"https:\/\/bcn-guide.com\/wp-content\/uploads\/2020\/09\/Tram-01-4.jpg\",\"width\":1920,\"height\":1440},{\"@type\":\"BreadcrumbList\",\"@id\":\"https:\/\/bcn-guide.com\/en\/information-of-interest-to-visit-barcelona\/transportation\/tranvia-de-barcelona\/#breadcrumb\",\"itemListElement\":[{\"@type\":\"ListItem\",\"position\":1,\"name\":\"Inicio\",\"item\":\"https:\/\/bcn-guide.com\/en\/\"},{\"@type\":\"ListItem\",\"position\":2,\"name\":\"Information of interest to visit Barcelona\",\"item\":\"https:\/\/bcn-guide.com\/en\/information-of-interest-to-visit-barcelona\/\"},{\"@type\":\"ListItem\",\"position\":3,\"name\":\"Transportation\",\"item\":\"https:\/\/bcn-guide.com\/en\/information-of-interest-to-visit-barcelona\/transportation\/\"},{\"@type\":\"ListItem\",\"position\":4,\"name\":\"Barcelona tram\"}]},{\"@type\":\"WebSite\",\"@id\":\"https:\/\/bcn-guide.com\/en\/#website\",\"url\":\"https:\/\/bcn-guide.com\/en\/\",\"name\":\"Prestige Barcelona Tourist Guide\",\"description\":\"\",\"potentialAction\":[{\"@type\":\"SearchAction\",\"target\":{\"@type\":\"EntryPoint\",\"urlTemplate\":\"https:\/\/bcn-guide.com\/en\/?s={search_term_string}\"},\"query-input\":{\"@type\":\"PropertyValueSpecification\",\"valueRequired\":true,\"valueName\":\"search_term_string\"}}],\"inLanguage\":\"en-US\"}]}<\/script>\n<!-- \/ Yoast SEO plugin. -->","yoast_head_json":{"title":"Barcelona tram - Prestige Barcelona Tourist Guide","description":"The Barcelona tramway network has two networks, Trambaix and Trambes\u00f2s, made up of six lines equally subdivided into three each, with a total of 56 stops.","robots":{"index":"index","follow":"follow","max-snippet":"max-snippet:-1","max-image-preview":"max-image-preview:large","max-video-preview":"max-video-preview:-1"},"canonical":"https:\/\/bcn-guide.com\/en\/information-of-interest-to-visit-barcelona\/transportation\/tranvia-de-barcelona\/","og_locale":"en_US","og_type":"article","og_title":"Barcelona tram - Prestige Barcelona Tourist Guide","og_description":"The Barcelona tramway network has two networks, Trambaix and Trambes\u00f2s, made up of six lines equally subdivided into three each, with a total of 56 stops.","og_url":"https:\/\/bcn-guide.com\/en\/information-of-interest-to-visit-barcelona\/transportation\/tranvia-de-barcelona\/","og_site_name":"Prestige Barcelona Tourist Guide","article_modified_time":"2022-02-20T01:32:55+00:00","og_image":[{"width":1920,"height":1440,"url":"https:\/\/bcn-guide.com\/wp-content\/uploads\/2020\/09\/Tram-01-4.jpg","type":"image\/jpeg"}],"twitter_card":"summary_large_image","twitter_misc":{"Est. reading time":"1 minute"},"schema":{"@context":"https:\/\/schema.org","@graph":[{"@type":"WebPage","@id":"https:\/\/bcn-guide.com\/en\/information-of-interest-to-visit-barcelona\/transportation\/tranvia-de-barcelona\/","url":"https:\/\/bcn-guide.com\/en\/information-of-interest-to-visit-barcelona\/transportation\/tranvia-de-barcelona\/","name":"Barcelona tram - Prestige Barcelona Tourist Guide","isPartOf":{"@id":"https:\/\/bcn-guide.com\/en\/#website"},"primaryImageOfPage":{"@id":"https:\/\/bcn-guide.com\/en\/information-of-interest-to-visit-barcelona\/transportation\/tranvia-de-barcelona\/#primaryimage"},"image":{"@id":"https:\/\/bcn-guide.com\/en\/information-of-interest-to-visit-barcelona\/transportation\/tranvia-de-barcelona\/#primaryimage"},"thumbnailUrl":"https:\/\/bcn-guide.com\/wp-content\/uploads\/2020\/09\/Tram-01-4.jpg","datePublished":"2022-02-14T14:52:39+00:00","dateModified":"2022-02-20T01:32:55+00:00","description":"The Barcelona tramway network has two networks, Trambaix and Trambes\u00f2s, made up of six lines equally subdivided into three each, with a total of 56 stops.","breadcrumb":{"@id":"https:\/\/bcn-guide.com\/en\/information-of-interest-to-visit-barcelona\/transportation\/tranvia-de-barcelona\/#breadcrumb"},"inLanguage":"en-US","potentialAction":[{"@type":"ReadAction","target":["https:\/\/bcn-guide.com\/en\/information-of-interest-to-visit-barcelona\/transportation\/tranvia-de-barcelona\/"]}]},{"@type":"ImageObject","inLanguage":"en-US","@id":"https:\/\/bcn-guide.com\/en\/information-of-interest-to-visit-barcelona\/transportation\/tranvia-de-barcelona\/#primaryimage","url":"https:\/\/bcn-guide.com\/wp-content\/uploads\/2020\/09\/Tram-01-4.jpg","contentUrl":"https:\/\/bcn-guide.com\/wp-content\/uploads\/2020\/09\/Tram-01-4.jpg","width":1920,"height":1440},{"@type":"BreadcrumbList","@id":"https:\/\/bcn-guide.com\/en\/information-of-interest-to-visit-barcelona\/transportation\/tranvia-de-barcelona\/#breadcrumb","itemListElement":[{"@type":"ListItem","position":1,"name":"Inicio","item":"https:\/\/bcn-guide.com\/en\/"},{"@type":"ListItem","position":2,"name":"Information of interest to visit Barcelona","item":"https:\/\/bcn-guide.com\/en\/information-of-interest-to-visit-barcelona\/"},{"@type":"ListItem","position":3,"name":"Transportation","item":"https:\/\/bcn-guide.com\/en\/information-of-interest-to-visit-barcelona\/transportation\/"},{"@type":"ListItem","position":4,"name":"Barcelona tram"}]},{"@type":"WebSite","@id":"https:\/\/bcn-guide.com\/en\/#website","url":"https:\/\/bcn-guide.com\/en\/","name":"Prestige Barcelona Tourist Guide","description":"","potentialAction":[{"@type":"SearchAction","target":{"@type":"EntryPoint","urlTemplate":"https:\/\/bcn-guide.com\/en\/?s={search_term_string}"},"query-input":{"@type":"PropertyValueSpecification","valueRequired":true,"valueName":"search_term_string"}}],"inLanguage":"en-US"}]}},"_links":{"self":[{"href":"https:\/\/bcn-guide.com\/en\/wp-json\/wp\/v2\/pages\/3459","targetHints":{"allow":["GET"]}}],"collection":[{"href":"https:\/\/bcn-guide.com\/en\/wp-json\/wp\/v2\/pages"}],"about":[{"href":"https:\/\/bcn-guide.com\/en\/wp-json\/wp\/v2\/types\/page"}],"author":[{"embeddable":true,"href":"https:\/\/bcn-guide.com\/en\/wp-json\/wp\/v2\/users\/1"}],"replies":[{"embeddable":true,"href":"https:\/\/bcn-guide.com\/en\/wp-json\/wp\/v2\/comments?post=3459"}],"version-history":[{"count":2,"href":"https:\/\/bcn-guide.com\/en\/wp-json\/wp\/v2\/pages\/3459\/revisions"}],"predecessor-version":[{"id":3592,"href":"https:\/\/bcn-guide.com\/en\/wp-json\/wp\/v2\/pages\/3459\/revisions\/3592"}],"up":[{"embeddable":true,"href":"https:\/\/bcn-guide.com\/en\/wp-json\/wp\/v2\/pages\/3453"}],"wp:featuredmedia":[{"embeddable":true,"href":"https:\/\/bcn-guide.com\/en\/wp-json\/wp\/v2\/media\/2872"}],"wp:attachment":[{"href":"https:\/\/bcn-guide.com\/en\/wp-json\/wp\/v2\/media?parent=3459"}],"curies":[{"name":"wp","href":"https:\/\/api.w.org\/{rel}","templated":true}]}}