{"id":3455,"date":"2022-02-14T13:07:28","date_gmt":"2022-02-14T13:07:28","guid":{"rendered":"https:\/\/bcn-guide.com\/information-of-interest-to-visit-barcelona\/transportation\/tickets-and-transport-passes-in-barcelona\/"},"modified":"2022-02-14T13:07:29","modified_gmt":"2022-02-14T13:07:29","slug":"tickets-and-transport-passes-in-barcelona","status":"publish","type":"page","link":"https:\/\/bcn-guide.com\/en\/information-of-interest-to-visit-barcelona\/transportation\/tickets-and-transport-passes-in-barcelona\/","title":{"rendered":"Tickets and transport passes in Barcelona"},"content":{"rendered":"\n<div class=\"ghostkit-accordion ghostkit-accordion-4\">\n<div class=\"ghostkit-accordion-item\"><a href=\"#accordion-1\" class=\"ghostkit-accordion-item-heading\"><span class=\"ghostkit-accordion-item-label\">Hola Barcelona Travel Card<\/span><span class=\"ghostkit-accordion-item-collapse\"><span class=\"fas fa-angle-right\"><\/span><\/span><\/a><div class=\"ghostkit-accordion-item-content is-layout-flow wp-block-ghostkit-accordion-item-is-layout-flow\">\n<p>Enjoy unlimited trips on public transport in Barcelona for 2 consecutive days (48 h), 3 days (72 h), 4 days (96 h) or 5 days (120 h) from the first validation.<\/p>\n\n\n\n<p>The Hola Barcelona Travel Card is a single-person ticket that allows you to use the Metro (TMB), bus (TMB), railway (FGC, zone 1), Montju\u00efc funicular, tram (TRAM) and train lines as many times as you like. commuter Rodalies de Catalunya (zone 1). Includes the return journey by Metro (TMB) from the airport to the center of Barcelona.<\/p>\n\n\n\n<p>They can be purchased at self-service machines throughout the metro network, TMB customer service offices, and on the website (with discount) www.holabarcelona.com.<\/p>\n\n\n\n<h5 class=\"wp-block-heading\">Barcelona Travel Card Rates:<\/h5>\n\n\n\n<p>2 days \/ 48 hours: \u20ac15.20.&#13;\n3 days \/ 72 hours: \u20ac22.20.&#13;\n4 days \/ 96 hours: \u20ac28.80.&#13;\n5 days \/ 120 hours: \u20ac35.40.<\/p>\n<\/div><\/div>\n\n\n\n<div class=\"ghostkit-accordion-item\"><a href=\"#accordion-2\" class=\"ghostkit-accordion-item-heading\"><span class=\"ghostkit-accordion-item-label\">Barcelona Card<\/span><span class=\"ghostkit-accordion-item-collapse\"><span class=\"fas fa-angle-right\"><\/span><\/span><\/a><div class=\"ghostkit-accordion-item-content is-layout-flow wp-block-ghostkit-accordion-item-is-layout-flow\">\n<p>The Barcelona Card is the official Barcelona tourist card. Includes unlimited use of public transport in zone 1, free and skip-the-line access or certain discounts in museums, visits and tours, attractions, shows, restaurants, shops&#8230; The Barcelona Card is valid for 72, 96 or 120 hours from its validation (48 hours for the Barcelona Card Express). We advise you to find out what is included at www.barcelonacard.com.<\/p>\n\n\n\n<p>Barcelona Card Express rates: 2 days \u20ac20.&#13;\nBarcelona Card rates: 3 days \u20ac45 \/ 4 days \u20ac55 \/ 5 days \u20ac60. Children (from 4 to 12 years old): 2 days \u20ac0 \/ 3 days \u20ac21 \/ 4 days \u20ac27 \/ 5 days \u20ac30.&#13;\n<\/p>\n\n\n\n<p>Tourist Attention Points of Turisme de Barcelona.&#13;\nInformation: 932 853 832&#13;\ninfo@barcelonaturisme.cat&#13;\nbcnshop.barcelonaturisme.cat<\/p>\n<\/div><\/div>\n\n\n\n<div class=\"ghostkit-accordion-item\"><a href=\"#accordion-undefined\" class=\"ghostkit-accordion-item-heading\"><span class=\"ghostkit-accordion-item-label\">TMB multi-trip cards<\/span><span class=\"ghostkit-accordion-item-collapse\"><span class=\"fas fa-angle-right\"><\/span><\/span><\/a><div class=\"ghostkit-accordion-item-content is-layout-flow wp-block-ghostkit-accordion-item-is-layout-flow\">\n<p>In addition to the single ticket, in public transport there are other types of multi-trip cards available throughout the metro network and customer service offices of TMB, Transports Metropolitans de Barcelona. They can be used both by metro and by bus, FGC metro and Tram in zone 1. The most interesting for sporadic visits are the T-Dia and T-10.<\/p>\n\n\n\n<p>The T-Dia is a one-person pass that, as its name suggests, is valid for 24 hours (1 day), from the first validation, allowing unlimited travel. It also allows a maximum of one round trip with origin or destination at the Aeroport T1 and Aeroport T2 metro stations on L9 Sud.<\/p>\n\n\n\n<p>The T-10 is a multi-person pass that includes 10 trips by metro-bus-FGC-Tram. Like almost all cards, it allows you to make the transfers you want for 75 minutes with the same ticket (from metro to bus, from bus to tram, etc.). In this case, it does not include a trip to the airport by metro, which must be paid at a supplement.<\/p>\n\n\n\n<p>TMB also offers titles with special prices for young people, large families, pensioners&#8230; Provided there is a document accrediting said condition. More information at the TMB Customer Service Offices.<\/p>\n\n\n\n<h5 class=\"wp-block-heading\">Rates:<\/h5>\n\n\n\n<p>T-day: \u20ac8.60 \/ 1 zone.&#13;\nT10: \u20ac10.20 \/ 1 zone.&#13;\nValid for TMB metro, FGG metro, Bus and Tram.&#13;\nInformation: www.tmb.cat<\/p>\n<\/div><\/div>\n\n\n\n<div class=\"ghostkit-accordion-item\"><a href=\"#accordion-undefined\" class=\"ghostkit-accordion-item-heading\"><span class=\"ghostkit-accordion-item-label\">Travel and pay by zones<\/span><span class=\"ghostkit-accordion-item-collapse\"><span class=\"fas fa-angle-right\"><\/span><\/span><\/a><div class=\"ghostkit-accordion-item-content is-layout-flow wp-block-ghostkit-accordion-item-is-layout-flow\">\n<p>Barcelona has an integrated tariff system that encompasses a total of 296 municipalities. Thus, public transport in Barcelona is divided into zones. Zone 1 is for the 36 municipalities that make up the Metropolitan Area of Barcelona*, including, of course, the city. In this homogenization line, you go from zone 2 to 6, where the same ticket is used (single ticket, T-10, T-50\/30, T-70\/30 and T-FM\/FN 70\/90 \u2026), but with different prices. Therefore, all of them appear segmented into six crowns, which in turn have different rate sectors. Consult map at www.atm.cat<\/p>\n\n\n\n<p>* Zone 1 of the TMB Integrated Fare System: Badalona, Badia del Vall\u00e8s, Barcelona, Barber\u00e0 del Vall\u00e8s, Castelldefels, Begues, Cornell\u00e0 de Llobregat, Castellbisbal, Esplugues de Llobregat, Cerdanyola del Vall\u00e8s, Gav\u00e0, Cervell\u00f3, l&#8217;Hospitalet de Llobregat, Corbera de Llobregat, Montcada i Reixac, Molins de Rei, Montgat, Pallej\u00e0, El Prat de Llobregat, La Palma de Cervell\u00f3, Sant Adri\u00e0 de Bes\u00f2s, El Papiol, Sant Boi de Llobregat, Ripollet, Sant Feliu de Llobregat, Sant Andreu de la Barca, Sant Joan Desp\u00ed, Sant Climent de Llobregat, Sant Just Desvern, Sant Cugat del Vall\u00e8s, Santa Coloma de Gramenet, Sant Vicen\u00e7 dels Horts, Tiana, Santa Coloma de Cervell\u00f3 and Viladecans.<\/p>\n<\/div><\/div>\n<\/div>\n","protected":false},"excerpt":{"rendered":"","protected":false},"author":1,"featured_media":2775,"parent":3453,"menu_order":0,"comment_status":"closed","ping_status":"closed","template":"","meta":{"_acf_changed":false,"ghostkit_customizer_options":"","ghostkit_custom_css":"","ghostkit_custom_js_head":"","ghostkit_custom_js_foot":"","ghostkit_typography":"","footnotes":""},"class_list":["post-3455","page","type-page","status-publish","has-post-thumbnail","hentry"],"acf":[],"yoast_head":"<!-- This site is optimized with the Yoast SEO plugin v27.2 - https:\/\/yoast.com\/product\/yoast-seo-wordpress\/ -->\n<title>Tickets and transport passes in Barcelona - Prestige Barcelona Tourist Guide<\/title>\n<meta name=\"description\" content=\"Hola Barcelona Travel Card Enjoy unlimited trips on public transport in Barcelona for 2 consecutive days (48 h), 3 days (72 h), 4 days (96 h) or 5 days\" \/>\n<meta name=\"robots\" content=\"index, follow, max-snippet:-1, max-image-preview:large, max-video-preview:-1\" \/>\n<link rel=\"canonical\" href=\"https:\/\/bcn-guide.com\/en\/information-of-interest-to-visit-barcelona\/transportation\/tickets-and-transport-passes-in-barcelona\/\" \/>\n<meta property=\"og:locale\" content=\"en_US\" \/>\n<meta property=\"og:type\" content=\"article\" \/>\n<meta property=\"og:title\" content=\"Tickets and transport passes in Barcelona - Prestige Barcelona Tourist Guide\" \/>\n<meta property=\"og:description\" content=\"Hola Barcelona Travel Card Enjoy unlimited trips on public transport in Barcelona for 2 consecutive days (48 h), 3 days (72 h), 4 days (96 h) or 5 days\" \/>\n<meta property=\"og:url\" content=\"https:\/\/bcn-guide.com\/en\/information-of-interest-to-visit-barcelona\/transportation\/tickets-and-transport-passes-in-barcelona\/\" \/>\n<meta property=\"og:site_name\" content=\"Prestige Barcelona Tourist Guide\" \/>\n<meta property=\"article:modified_time\" content=\"2022-02-14T13:07:29+00:00\" \/>\n<meta property=\"og:image\" content=\"https:\/\/bcn-guide.com\/wp-content\/uploads\/2019\/09\/Billetes-y-abonos-barcelona.jpg\" \/>\n\t<meta property=\"og:image:width\" content=\"1920\" \/>\n\t<meta property=\"og:image:height\" content=\"1363\" \/>\n\t<meta property=\"og:image:type\" content=\"image\/jpeg\" \/>\n<meta name=\"twitter:card\" content=\"summary_large_image\" \/>\n<meta name=\"twitter:label1\" content=\"Est. reading time\" \/>\n\t<meta name=\"twitter:data1\" content=\"3 minutes\" \/>\n<script type=\"application\/ld+json\" class=\"yoast-schema-graph\">{\"@context\":\"https:\/\/schema.org\",\"@graph\":[{\"@type\":\"WebPage\",\"@id\":\"https:\/\/bcn-guide.com\/en\/information-of-interest-to-visit-barcelona\/transportation\/tickets-and-transport-passes-in-barcelona\/\",\"url\":\"https:\/\/bcn-guide.com\/en\/information-of-interest-to-visit-barcelona\/transportation\/tickets-and-transport-passes-in-barcelona\/\",\"name\":\"Tickets and transport passes in Barcelona - Prestige Barcelona Tourist Guide\",\"isPartOf\":{\"@id\":\"https:\/\/bcn-guide.com\/en\/#website\"},\"primaryImageOfPage\":{\"@id\":\"https:\/\/bcn-guide.com\/en\/information-of-interest-to-visit-barcelona\/transportation\/tickets-and-transport-passes-in-barcelona\/#primaryimage\"},\"image\":{\"@id\":\"https:\/\/bcn-guide.com\/en\/information-of-interest-to-visit-barcelona\/transportation\/tickets-and-transport-passes-in-barcelona\/#primaryimage\"},\"thumbnailUrl\":\"https:\/\/bcn-guide.com\/wp-content\/uploads\/2019\/09\/Billetes-y-abonos-barcelona.jpg\",\"datePublished\":\"2022-02-14T13:07:28+00:00\",\"dateModified\":\"2022-02-14T13:07:29+00:00\",\"description\":\"Hola Barcelona Travel Card Enjoy unlimited trips on public transport in Barcelona for 2 consecutive days (48 h), 3 days (72 h), 4 days (96 h) or 5 days\",\"breadcrumb\":{\"@id\":\"https:\/\/bcn-guide.com\/en\/information-of-interest-to-visit-barcelona\/transportation\/tickets-and-transport-passes-in-barcelona\/#breadcrumb\"},\"inLanguage\":\"en-US\",\"potentialAction\":[{\"@type\":\"ReadAction\",\"target\":[\"https:\/\/bcn-guide.com\/en\/information-of-interest-to-visit-barcelona\/transportation\/tickets-and-transport-passes-in-barcelona\/\"]}]},{\"@type\":\"ImageObject\",\"inLanguage\":\"en-US\",\"@id\":\"https:\/\/bcn-guide.com\/en\/information-of-interest-to-visit-barcelona\/transportation\/tickets-and-transport-passes-in-barcelona\/#primaryimage\",\"url\":\"https:\/\/bcn-guide.com\/wp-content\/uploads\/2019\/09\/Billetes-y-abonos-barcelona.jpg\",\"contentUrl\":\"https:\/\/bcn-guide.com\/wp-content\/uploads\/2019\/09\/Billetes-y-abonos-barcelona.jpg\",\"width\":1920,\"height\":1363},{\"@type\":\"BreadcrumbList\",\"@id\":\"https:\/\/bcn-guide.com\/en\/information-of-interest-to-visit-barcelona\/transportation\/tickets-and-transport-passes-in-barcelona\/#breadcrumb\",\"itemListElement\":[{\"@type\":\"ListItem\",\"position\":1,\"name\":\"Inicio\",\"item\":\"https:\/\/bcn-guide.com\/en\/\"},{\"@type\":\"ListItem\",\"position\":2,\"name\":\"Information of interest to visit Barcelona\",\"item\":\"https:\/\/bcn-guide.com\/en\/information-of-interest-to-visit-barcelona\/\"},{\"@type\":\"ListItem\",\"position\":3,\"name\":\"Transportation\",\"item\":\"https:\/\/bcn-guide.com\/en\/information-of-interest-to-visit-barcelona\/transportation\/\"},{\"@type\":\"ListItem\",\"position\":4,\"name\":\"Tickets and transport passes in Barcelona\"}]},{\"@type\":\"WebSite\",\"@id\":\"https:\/\/bcn-guide.com\/en\/#website\",\"url\":\"https:\/\/bcn-guide.com\/en\/\",\"name\":\"Prestige Barcelona Tourist Guide\",\"description\":\"\",\"potentialAction\":[{\"@type\":\"SearchAction\",\"target\":{\"@type\":\"EntryPoint\",\"urlTemplate\":\"https:\/\/bcn-guide.com\/en\/?s={search_term_string}\"},\"query-input\":{\"@type\":\"PropertyValueSpecification\",\"valueRequired\":true,\"valueName\":\"search_term_string\"}}],\"inLanguage\":\"en-US\"}]}<\/script>\n<!-- \/ Yoast SEO plugin. -->","yoast_head_json":{"title":"Tickets and transport passes in Barcelona - Prestige Barcelona Tourist Guide","description":"Hola Barcelona Travel Card Enjoy unlimited trips on public transport in Barcelona for 2 consecutive days (48 h), 3 days (72 h), 4 days (96 h) or 5 days","robots":{"index":"index","follow":"follow","max-snippet":"max-snippet:-1","max-image-preview":"max-image-preview:large","max-video-preview":"max-video-preview:-1"},"canonical":"https:\/\/bcn-guide.com\/en\/information-of-interest-to-visit-barcelona\/transportation\/tickets-and-transport-passes-in-barcelona\/","og_locale":"en_US","og_type":"article","og_title":"Tickets and transport passes in Barcelona - Prestige Barcelona Tourist Guide","og_description":"Hola Barcelona Travel Card Enjoy unlimited trips on public transport in Barcelona for 2 consecutive days (48 h), 3 days (72 h), 4 days (96 h) or 5 days","og_url":"https:\/\/bcn-guide.com\/en\/information-of-interest-to-visit-barcelona\/transportation\/tickets-and-transport-passes-in-barcelona\/","og_site_name":"Prestige Barcelona Tourist Guide","article_modified_time":"2022-02-14T13:07:29+00:00","og_image":[{"width":1920,"height":1363,"url":"https:\/\/bcn-guide.com\/wp-content\/uploads\/2019\/09\/Billetes-y-abonos-barcelona.jpg","type":"image\/jpeg"}],"twitter_card":"summary_large_image","twitter_misc":{"Est. reading time":"3 minutes"},"schema":{"@context":"https:\/\/schema.org","@graph":[{"@type":"WebPage","@id":"https:\/\/bcn-guide.com\/en\/information-of-interest-to-visit-barcelona\/transportation\/tickets-and-transport-passes-in-barcelona\/","url":"https:\/\/bcn-guide.com\/en\/information-of-interest-to-visit-barcelona\/transportation\/tickets-and-transport-passes-in-barcelona\/","name":"Tickets and transport passes in Barcelona - Prestige Barcelona Tourist Guide","isPartOf":{"@id":"https:\/\/bcn-guide.com\/en\/#website"},"primaryImageOfPage":{"@id":"https:\/\/bcn-guide.com\/en\/information-of-interest-to-visit-barcelona\/transportation\/tickets-and-transport-passes-in-barcelona\/#primaryimage"},"image":{"@id":"https:\/\/bcn-guide.com\/en\/information-of-interest-to-visit-barcelona\/transportation\/tickets-and-transport-passes-in-barcelona\/#primaryimage"},"thumbnailUrl":"https:\/\/bcn-guide.com\/wp-content\/uploads\/2019\/09\/Billetes-y-abonos-barcelona.jpg","datePublished":"2022-02-14T13:07:28+00:00","dateModified":"2022-02-14T13:07:29+00:00","description":"Hola Barcelona Travel Card Enjoy unlimited trips on public transport in Barcelona for 2 consecutive days (48 h), 3 days (72 h), 4 days (96 h) or 5 days","breadcrumb":{"@id":"https:\/\/bcn-guide.com\/en\/information-of-interest-to-visit-barcelona\/transportation\/tickets-and-transport-passes-in-barcelona\/#breadcrumb"},"inLanguage":"en-US","potentialAction":[{"@type":"ReadAction","target":["https:\/\/bcn-guide.com\/en\/information-of-interest-to-visit-barcelona\/transportation\/tickets-and-transport-passes-in-barcelona\/"]}]},{"@type":"ImageObject","inLanguage":"en-US","@id":"https:\/\/bcn-guide.com\/en\/information-of-interest-to-visit-barcelona\/transportation\/tickets-and-transport-passes-in-barcelona\/#primaryimage","url":"https:\/\/bcn-guide.com\/wp-content\/uploads\/2019\/09\/Billetes-y-abonos-barcelona.jpg","contentUrl":"https:\/\/bcn-guide.com\/wp-content\/uploads\/2019\/09\/Billetes-y-abonos-barcelona.jpg","width":1920,"height":1363},{"@type":"BreadcrumbList","@id":"https:\/\/bcn-guide.com\/en\/information-of-interest-to-visit-barcelona\/transportation\/tickets-and-transport-passes-in-barcelona\/#breadcrumb","itemListElement":[{"@type":"ListItem","position":1,"name":"Inicio","item":"https:\/\/bcn-guide.com\/en\/"},{"@type":"ListItem","position":2,"name":"Information of interest to visit Barcelona","item":"https:\/\/bcn-guide.com\/en\/information-of-interest-to-visit-barcelona\/"},{"@type":"ListItem","position":3,"name":"Transportation","item":"https:\/\/bcn-guide.com\/en\/information-of-interest-to-visit-barcelona\/transportation\/"},{"@type":"ListItem","position":4,"name":"Tickets and transport passes in Barcelona"}]},{"@type":"WebSite","@id":"https:\/\/bcn-guide.com\/en\/#website","url":"https:\/\/bcn-guide.com\/en\/","name":"Prestige Barcelona Tourist Guide","description":"","potentialAction":[{"@type":"SearchAction","target":{"@type":"EntryPoint","urlTemplate":"https:\/\/bcn-guide.com\/en\/?s={search_term_string}"},"query-input":{"@type":"PropertyValueSpecification","valueRequired":true,"valueName":"search_term_string"}}],"inLanguage":"en-US"}]}},"_links":{"self":[{"href":"https:\/\/bcn-guide.com\/en\/wp-json\/wp\/v2\/pages\/3455","targetHints":{"allow":["GET"]}}],"collection":[{"href":"https:\/\/bcn-guide.com\/en\/wp-json\/wp\/v2\/pages"}],"about":[{"href":"https:\/\/bcn-guide.com\/en\/wp-json\/wp\/v2\/types\/page"}],"author":[{"embeddable":true,"href":"https:\/\/bcn-guide.com\/en\/wp-json\/wp\/v2\/users\/1"}],"replies":[{"embeddable":true,"href":"https:\/\/bcn-guide.com\/en\/wp-json\/wp\/v2\/comments?post=3455"}],"version-history":[{"count":1,"href":"https:\/\/bcn-guide.com\/en\/wp-json\/wp\/v2\/pages\/3455\/revisions"}],"predecessor-version":[{"id":3456,"href":"https:\/\/bcn-guide.com\/en\/wp-json\/wp\/v2\/pages\/3455\/revisions\/3456"}],"up":[{"embeddable":true,"href":"https:\/\/bcn-guide.com\/en\/wp-json\/wp\/v2\/pages\/3453"}],"wp:featuredmedia":[{"embeddable":true,"href":"https:\/\/bcn-guide.com\/en\/wp-json\/wp\/v2\/media\/2775"}],"wp:attachment":[{"href":"https:\/\/bcn-guide.com\/en\/wp-json\/wp\/v2\/media?parent=3455"}],"curies":[{"name":"wp","href":"https:\/\/api.w.org\/{rel}","templated":true}]}}