{"id":3427,"date":"2022-02-13T23:39:54","date_gmt":"2022-02-13T23:39:54","guid":{"rendered":"https:\/\/bcn-guide.com\/information-of-interest-to-visit-barcelona\/how-to-get-to-barcelona\/how-to-get-to-barcelona-by-plane\/"},"modified":"2022-02-13T23:39:54","modified_gmt":"2022-02-13T23:39:54","slug":"how-to-get-to-barcelona-by-plane","status":"publish","type":"page","link":"https:\/\/bcn-guide.com\/en\/information-of-interest-to-visit-barcelona\/how-to-get-to-barcelona\/how-to-get-to-barcelona-by-plane\/","title":{"rendered":"How to get to Barcelona by plane"},"content":{"rendered":"\n<h2 class=\"wp-block-heading\">El Prat Airport<\/h2>\n\n<ul class=\"wp-block-list\"><li>Distance to the city center: 17 Km.<\/li><li>Average time by car\/taxi: 34 minutes (depending on traffic).<\/li><li>Number of terminals: 2 (T1) and (T2).<\/li><li>Free connection with shuttle buses between terminals T1 and T2 24 hours a day.<\/li><li>Information: 902 404 704 \/ (+34) 91 321 10 00<\/li><li><a href=\"mailto:ww&#119;&#46;&#98;&#99;n&#105;n&#102;orma&#99;&#105;&#111;&#110;&#64;&#97;en&#97;.es\">&#119;&#119;w.&#98;c&#110;i&#110;f&#111;rmac&#105;&#111;n&#64;ae&#110;a&#46;&#101;s<\/a><\/li><\/ul>\n<div class=\"ghostkit-accordion ghostkit-accordion-3\">\n<div class=\"ghostkit-accordion-item\"><a href=\"#accordion-1\" class=\"ghostkit-accordion-item-heading\"><span class=\"ghostkit-accordion-item-label\">El Prat airport terminal 1 (T1)<\/span><span class=\"ghostkit-accordion-item-collapse\"><span class=\"fas fa-angle-right\"><\/span><\/span><\/a><div class=\"ghostkit-accordion-item-content is-layout-flow wp-block-ghostkit-accordion-item-is-layout-flow\">\n<p>Free connection with shuttle buses between terminals T1 and T2 24 hours a day.<\/p>\n\n\n\n<h5 class=\"wp-block-heading\">Main services:<\/h5>\n\n\n\n<div class=\"ghostkit-grid ghostkit-grid-gap-md\">\n<div class=\"ghostkit-col ghostkit-col-md-12 ghostkit-col-6\"><div class=\"ghostkit-col-content is-layout-flow wp-block-ghostkit-grid-column-is-layout-flow\">\n<ul class=\"wp-block-list\"><li>Airport information points<\/li><li>Tourist information points<\/li><li>Luggage<\/li><li>VAT tax refund (Tax free)<\/li><li>Assistance for people with reduced mobility<\/li><li>Banking services, currency exchange<\/li><li>Lost objects<\/li><li>Medical Assistance: 932 596 061<\/li><\/ul><\/div><\/div>\n\n\n\n<div class=\"ghostkit-col ghostkit-col-md-12 ghostkit-col-6\"><div class=\"ghostkit-col-content is-layout-flow wp-block-ghostkit-grid-column-is-layout-flow\">\n<ul class=\"wp-block-list\"><li>Defibrillators<\/li><li>Parking<\/li><li>Shops, restaurants, Duty Free<\/li><li>Internet access<\/li><li>Religious services<\/li><li>Air Rooms all year round 24 hours. There are two overnight stays, one for a maximum of 3 hours and the other for a maximum of 6 hours.<\/li><\/ul><\/div><\/div>\n<\/div>\n\n\n\n<h5 class=\"wp-block-heading\">To consider:<\/h5>\n\n\n\n<p>Pasaportes: control de pasaportes e inmigraci\u00f3n para los pasajeros que no pertenecen al espacio Schengen.&#13;\n&#13;\nAduana: recuerde de declarar si transporta alg\u00fan producto prohibido como alimentos, art\u00edculos de gran valor o cantidades de dinero superiores a 10.000 \u20ac. Ante cualquier duda mejor informarse.&#13;\n&#13;\nVerifique su billete para ver de que terminal sale su vuelo, no son muchos los barceloneses que se confunden y van a la antigua terminal T2.<\/p>\n<\/div><\/div>\n\n\n\n<div class=\"ghostkit-accordion-item\"><a href=\"#accordion-1\" class=\"ghostkit-accordion-item-heading\"><span class=\"ghostkit-accordion-item-label\">El Prat airport terminal 2 (T2)<\/span><span class=\"ghostkit-accordion-item-collapse\"><span class=\"fas fa-angle-right\"><\/span><\/span><\/a><div class=\"ghostkit-accordion-item-content is-layout-flow wp-block-ghostkit-accordion-item-is-layout-flow\">\n<p>Free connection with shuttle buses between terminals T1 and T2 24 hours a day.<\/p>\n\n\n\n<h5 class=\"wp-block-heading\">Main services:<\/h5>\n\n\n\n<div class=\"ghostkit-grid ghostkit-grid-gap-md\">\n<div class=\"ghostkit-col ghostkit-col-md-12 ghostkit-col-6\"><div class=\"ghostkit-col-content is-layout-flow wp-block-ghostkit-grid-column-is-layout-flow\">\n<ul class=\"wp-block-list\"><li>Airport information points<\/li><li>Tourist information points<\/li><li>Luggage<\/li><li>VAT tax refund (Tax free)<\/li><li>Assistance for people with reduced mobility<\/li><li>Banking services, currency exchange<\/li><li>Lost objects<\/li><li>Medical Assistance: 932 596 061<\/li><\/ul><\/div><\/div>\n\n\n\n<div class=\"ghostkit-col ghostkit-col-md-12 ghostkit-col-6\"><div class=\"ghostkit-col-content is-layout-flow wp-block-ghostkit-grid-column-is-layout-flow\">\n<ul class=\"wp-block-list\"><li>Defibrillators<\/li><li>Parking<\/li><li>Shops, restaurants, Duty Free<\/li><li>Internet access<\/li><li>Religious services<\/li><li>Air Rooms all year round 24 hours. There are two overnight stays, one for a maximum of 3 hours and the other for a maximum of 6 hours.<\/li><\/ul><\/div><\/div>\n<\/div>\n\n\n\n<h5 class=\"wp-block-heading\">To consider:<\/h5>\n\n\n\n<p>Pasaportes: control de pasaportes e inmigraci\u00f3n para los pasajeros que no pertenecen al espacio Schengen.&#13;\n&#13;\nAduana: recuerde de declarar si transporta alg\u00fan producto prohibido como alimentos, art\u00edculos de gran valor o cantidades de dinero superiores a 10.000 \u20ac. Ante cualquier duda mejor informarse.&#13;\n&#13;\nVerifique su billete para ver de que terminal sale su vuelo, no son muchos los barceloneses que se confunden y van a la antigua terminal T2.<\/p>\n<\/div><\/div>\n\n\n\n<div class=\"ghostkit-accordion-item\"><a href=\"#accordion-undefined\" class=\"ghostkit-accordion-item-heading\"><span class=\"ghostkit-accordion-item-label\">Nearby airports<\/span><span class=\"ghostkit-accordion-item-collapse\"><span class=\"fas fa-angle-right\"><\/span><\/span><\/a><div class=\"ghostkit-accordion-item-content is-layout-flow wp-block-ghostkit-accordion-item-is-layout-flow\">\n<h5 class=\"wp-block-heading\">Girona Airport<\/h5>\n\n\n\n<p>Distance Barcelona: 80 Km.&#13;\nDistance to Girona: 11 Km.&#13;\nwww.aena.es<\/p>\n\n\n\n<h5 class=\"wp-block-heading\">Transporte a Barcelona\ufeff&#13;\n<\/h5>\n\n\n\n<p>By Bus: Compa\u00f1\u00eda Sagal\u00e9s and the buses that belong to the Ryanair company.<\/p>\n\n\n\n<p>By Taxi: we find them right at the exit. Everyone has to have the complaints book for the client.<\/p>\n\n\n\n<p>By Train: you can go to Girona by bus or taxi to the Girona train station and take the AVE to Barcelona (www.renfe.es).<\/p>\n\n\n\n<p>By car: AP-7 Autopista del Mediterrani to Barcelona, approximately 53 minutes, depending on traffic. The airport has car rental companies.<\/p>\n\n\n\n<hr class=\"wp-block-separator\"\/>\n\n\n\n<h5 class=\"wp-block-heading\">Reus Airport<\/h5>\n\n\n\n<p>Distance Barcelona: 120 Km.&#13;\nDistance to Reus: 5.4 Km.&#13;\nwww.aena.es<\/p>\n\n\n\n<h5 class=\"wp-block-heading\">Transporte a Barcelona\ufeff&#13;\n<\/h5>\n\n\n\n<p>By Train: Line 50 that leads to Reus stops at the Renfe train station and at the bus station. (www.renfe.es). Journey time 1h 37 min.<\/p>\n\n\n\n<p>By Car: AP-7 Autopista del Mediterrani to Barcelona, approximately 1 hour 14 minutes, depending on traffic. The airport has car rental companies.<\/p>\n\n\n\n<p>By Bus: Compa\u00f1\u00eda Hispano Igualadina. www.igualadina.com\/<\/p>\n\n\n\n<p>By Taxi: we find them right at the exit, there is only permanent service on arrival flights. Everyone has to have the complaints book for the client.<\/p>\n<\/div><\/div>\n<\/div>\n\n<div class=\"ghostkit-accordion ghostkit-accordion-1\">\n<div class=\"ghostkit-accordion-item\"><a href=\"#accordion-1\" class=\"ghostkit-accordion-item-heading\"><span class=\"ghostkit-accordion-item-label\">Transportation Airport City \/ City Airport<\/span><span class=\"ghostkit-accordion-item-collapse\"><span class=\"fas fa-angle-right\"><\/span><\/span><\/a><div class=\"ghostkit-accordion-item-content is-layout-flow wp-block-ghostkit-accordion-item-is-layout-flow\">\n<h5 class=\"wp-block-heading\">Bus<\/h5>\n\n\n\n<p>Regular urban and interurban lines.<\/p>\n\n\n\n<h5 class=\"wp-block-heading\"><strong>Aerob\u00fas:<\/strong><\/h5>\n\n\n\n<p>A1 (Barcelona \u2013 Airport Terminal T1) From Pl. Catalunya: 5:00 a.m. to 12:30 a.m.&#13;\nFrom the airport: 5:35 a.m. to 1:05 a.m. Every 5 min.*&#13;\nA2 (Barcelona \u2013 Airport Terminal T2) From Pl. Catalunya: 5:00 a.m. to 12:30 a.m.&#13;\nFrom the airport: 5:35 a.m. to 1:00 a.m. Every 10 min.* *The frequency of passage varies according to the time slot. Check detailed schedules. Journey time: 35 min.&#13;\nService 365 days with the same schedule.&#13;\nInformation 902 100 104&#13;\nwww.aerobusbcn.com<\/p>\n\n\n\n<h5 class=\"wp-block-heading\"><strong>Bus 46:<\/strong>\u00a0<\/h5>\n\n\n\n<p>Pl. Espanya \u2013 Aeropuerto T1\/T2: Primera salida: 4:50 h. \u00daltima salida: 23:50 h.&#13;\nAeropuerto \u2013 Pl. Espanya: Primera salida: 5:30 h. \u00daltima salida: 23:50 h.<\/p>\n\n\n\n<h5 class=\"wp-block-heading\">Night bus N16 (T2):<\/h5>\n\n\n\n<p>First Exit BCN \/ Pl.Catalunya (Rda. Universidad): 11:30 p.m. Last Departure: 5:10 a.m.&#13;\nFirst airport departure: 11:37 p.m. Last departure: 5:11 a.m.&#13;\n* Journey 45 min approx.&#13;\nInformation 902 023 393<\/p>\n\n\n\n<h5 class=\"wp-block-heading\">Night bus N17 (T1):<\/h5>\n\n\n\n<p>First Exit BCN \/ Pl.Catalunya (Rda. Universidad): 11:30 p.m. Last Departure: 5:10 a.m.&#13;\nFirst airport departure: 11:37 p.m. Last departure: 5:11 a.m.&#13;\n* Journey 45 min approx.&#13;\nInformation 902 023 393<\/p>\n\n\n\n<h5 class=\"wp-block-heading\">Barcelona bus:<\/h5>\n\n\n\n<p>Buses that connect the airport with Girona and Figueres.&#13;\nStops: T1 and T2.&#13;\nInformation: 902 130 014<\/p>\n\n\n\n<h5 class=\"wp-block-heading\">subway<\/h5>\n\n\n\n<p>Airport T1\u2033 and T2: Line: L9 South. Stations: Zona Universit\u00e0ria, Collblanc, Torrassa, Can Tries\/Gornal, Europa\/Fira, Fira, Parc Log\u00edstic, Mercabarna, Les Moreres, El Prat Estaci\u00f3, C\u00e8ntric, Parc Nou, Mas Blau, Aeroport T2 and Aeroport T1.<\/p>\n\n\n\n<h5 class=\"wp-block-heading\">Taxis:<\/h5>\n\n\n\n<p>&#13;\nIn T1, in the arrivals area (floor 0) and in the Barcelona-Madrid corridor; in T2, in front of terminals T2A, T2B and T2C.<\/p>\n\n\n\n<h5 class=\"wp-block-heading\">Renfe commuter trains:<\/h5>\n\n\n\n<p>Line R2: The airport stop is located in front of T2B, with which it is linked through a walkway. There is, on the other hand, a Bustransit service between the Renfe station and T1.<\/p>\n\n\n\n<p>Sants Central Station: First departures: BCN Sants \u2013 Airport 5:13 a.m. \/ Airport \u2013 BCN Sants 5:42 a.m.<\/p>\n\n\n\n<p>Last Departure: BCN Sants \u2013 Airport 11:11 p.m. \/Airport \u2013 BCN Sants 11:38 p.m. (Journey 20 min).<\/p>\n\n\n\n<p>Passeig de Gr\u00e0cia Station: First exit: BCN Passeig de Gr\u00e0cia \u2013 Airport 5:08 a.m. \/ Airport \u2013 BCN Passeig de Gr\u00e0cia 5:42 a.m. Last departure: BCN Passeig de Gr\u00e0cia \u2013 Airport 11:06 p.m. \/ Airport \u2013 BCN Passeig de Gr\u00e0cia 11:38 p.m.<\/p>\n\n\n\n<p>Information: 900 410 041 \u2013 902 320 320&#13;\nwww.renfe.com<\/p>\n<\/div><\/div>\n<\/div>\n","protected":false},"excerpt":{"rendered":"<p>El Prat Airport Distance to the city center: 17 Km. Average time by car\/taxi: 34 minutes (depending on traffic). Number of terminals: 2 (T1) and (T2). Free connection with shuttle buses between terminals T1 and T2 24 hours a day. Information: 902 404 704 \/ (+34) 91 321 10 00<\/p>\n","protected":false},"author":1,"featured_media":2505,"parent":3423,"menu_order":0,"comment_status":"closed","ping_status":"closed","template":"","meta":{"_acf_changed":false,"ghostkit_customizer_options":"","ghostkit_custom_css":"","ghostkit_custom_js_head":"","ghostkit_custom_js_foot":"","ghostkit_typography":"","footnotes":""},"class_list":["post-3427","page","type-page","status-publish","has-post-thumbnail","hentry"],"acf":[],"yoast_head":"<!-- This site is optimized with the Yoast SEO plugin v27.2 - https:\/\/yoast.com\/product\/yoast-seo-wordpress\/ -->\n<title>How to get to Barcelona by plane - Prestige Barcelona Tourist Guide<\/title>\n<meta name=\"description\" content=\"El Prat Airport Distance to the city center: 17 Km.Average time by car\/taxi: 34 minutes (depending on traffic).Number of terminals: 2 (T1) and (T2).Free\" \/>\n<meta name=\"robots\" content=\"index, follow, max-snippet:-1, max-image-preview:large, max-video-preview:-1\" \/>\n<link rel=\"canonical\" href=\"https:\/\/bcn-guide.com\/en\/information-of-interest-to-visit-barcelona\/how-to-get-to-barcelona\/how-to-get-to-barcelona-by-plane\/\" \/>\n<meta property=\"og:locale\" content=\"en_US\" \/>\n<meta property=\"og:type\" content=\"article\" \/>\n<meta property=\"og:title\" content=\"How to get to Barcelona by plane - Prestige Barcelona Tourist Guide\" \/>\n<meta property=\"og:description\" content=\"El Prat Airport Distance to the city center: 17 Km.Average time by car\/taxi: 34 minutes (depending on traffic).Number of terminals: 2 (T1) and (T2).Free\" \/>\n<meta property=\"og:url\" content=\"https:\/\/bcn-guide.com\/en\/information-of-interest-to-visit-barcelona\/how-to-get-to-barcelona\/how-to-get-to-barcelona-by-plane\/\" \/>\n<meta property=\"og:site_name\" content=\"Prestige Barcelona Tourist Guide\" \/>\n<meta property=\"og:image\" content=\"https:\/\/bcn-guide.com\/wp-content\/uploads\/2019\/07\/Transport-Avions.jpg\" \/>\n\t<meta property=\"og:image:width\" content=\"1920\" \/>\n\t<meta property=\"og:image:height\" content=\"993\" \/>\n\t<meta property=\"og:image:type\" content=\"image\/jpeg\" \/>\n<meta name=\"twitter:card\" content=\"summary_large_image\" \/>\n<meta name=\"twitter:label1\" content=\"Est. reading time\" \/>\n\t<meta name=\"twitter:data1\" content=\"4 minutes\" \/>\n<script type=\"application\/ld+json\" class=\"yoast-schema-graph\">{\"@context\":\"https:\/\/schema.org\",\"@graph\":[{\"@type\":\"WebPage\",\"@id\":\"https:\/\/bcn-guide.com\/en\/information-of-interest-to-visit-barcelona\/how-to-get-to-barcelona\/how-to-get-to-barcelona-by-plane\/\",\"url\":\"https:\/\/bcn-guide.com\/en\/information-of-interest-to-visit-barcelona\/how-to-get-to-barcelona\/how-to-get-to-barcelona-by-plane\/\",\"name\":\"How to get to Barcelona by plane - Prestige Barcelona Tourist Guide\",\"isPartOf\":{\"@id\":\"https:\/\/bcn-guide.com\/en\/#website\"},\"primaryImageOfPage\":{\"@id\":\"https:\/\/bcn-guide.com\/en\/information-of-interest-to-visit-barcelona\/how-to-get-to-barcelona\/how-to-get-to-barcelona-by-plane\/#primaryimage\"},\"image\":{\"@id\":\"https:\/\/bcn-guide.com\/en\/information-of-interest-to-visit-barcelona\/how-to-get-to-barcelona\/how-to-get-to-barcelona-by-plane\/#primaryimage\"},\"thumbnailUrl\":\"https:\/\/bcn-guide.com\/wp-content\/uploads\/2019\/07\/Transport-Avions.jpg\",\"datePublished\":\"2022-02-13T23:39:54+00:00\",\"description\":\"El Prat Airport Distance to the city center: 17 Km.Average time by car\/taxi: 34 minutes (depending on traffic).Number of terminals: 2 (T1) and (T2).Free\",\"breadcrumb\":{\"@id\":\"https:\/\/bcn-guide.com\/en\/information-of-interest-to-visit-barcelona\/how-to-get-to-barcelona\/how-to-get-to-barcelona-by-plane\/#breadcrumb\"},\"inLanguage\":\"en-US\",\"potentialAction\":[{\"@type\":\"ReadAction\",\"target\":[\"https:\/\/bcn-guide.com\/en\/information-of-interest-to-visit-barcelona\/how-to-get-to-barcelona\/how-to-get-to-barcelona-by-plane\/\"]}]},{\"@type\":\"ImageObject\",\"inLanguage\":\"en-US\",\"@id\":\"https:\/\/bcn-guide.com\/en\/information-of-interest-to-visit-barcelona\/how-to-get-to-barcelona\/how-to-get-to-barcelona-by-plane\/#primaryimage\",\"url\":\"https:\/\/bcn-guide.com\/wp-content\/uploads\/2019\/07\/Transport-Avions.jpg\",\"contentUrl\":\"https:\/\/bcn-guide.com\/wp-content\/uploads\/2019\/07\/Transport-Avions.jpg\",\"width\":1920,\"height\":993},{\"@type\":\"BreadcrumbList\",\"@id\":\"https:\/\/bcn-guide.com\/en\/information-of-interest-to-visit-barcelona\/how-to-get-to-barcelona\/how-to-get-to-barcelona-by-plane\/#breadcrumb\",\"itemListElement\":[{\"@type\":\"ListItem\",\"position\":1,\"name\":\"Inicio\",\"item\":\"https:\/\/bcn-guide.com\/en\/\"},{\"@type\":\"ListItem\",\"position\":2,\"name\":\"Information of interest to visit Barcelona\",\"item\":\"https:\/\/bcn-guide.com\/en\/information-of-interest-to-visit-barcelona\/\"},{\"@type\":\"ListItem\",\"position\":3,\"name\":\"How to get to Barcelona\",\"item\":\"https:\/\/bcn-guide.com\/en\/information-of-interest-to-visit-barcelona\/how-to-get-to-barcelona\/\"},{\"@type\":\"ListItem\",\"position\":4,\"name\":\"How to get to Barcelona by plane\"}]},{\"@type\":\"WebSite\",\"@id\":\"https:\/\/bcn-guide.com\/en\/#website\",\"url\":\"https:\/\/bcn-guide.com\/en\/\",\"name\":\"Prestige Barcelona Tourist Guide\",\"description\":\"\",\"potentialAction\":[{\"@type\":\"SearchAction\",\"target\":{\"@type\":\"EntryPoint\",\"urlTemplate\":\"https:\/\/bcn-guide.com\/en\/?s={search_term_string}\"},\"query-input\":{\"@type\":\"PropertyValueSpecification\",\"valueRequired\":true,\"valueName\":\"search_term_string\"}}],\"inLanguage\":\"en-US\"}]}<\/script>\n<!-- \/ Yoast SEO plugin. -->","yoast_head_json":{"title":"How to get to Barcelona by plane - Prestige Barcelona Tourist Guide","description":"El Prat Airport Distance to the city center: 17 Km.Average time by car\/taxi: 34 minutes (depending on traffic).Number of terminals: 2 (T1) and (T2).Free","robots":{"index":"index","follow":"follow","max-snippet":"max-snippet:-1","max-image-preview":"max-image-preview:large","max-video-preview":"max-video-preview:-1"},"canonical":"https:\/\/bcn-guide.com\/en\/information-of-interest-to-visit-barcelona\/how-to-get-to-barcelona\/how-to-get-to-barcelona-by-plane\/","og_locale":"en_US","og_type":"article","og_title":"How to get to Barcelona by plane - Prestige Barcelona Tourist Guide","og_description":"El Prat Airport Distance to the city center: 17 Km.Average time by car\/taxi: 34 minutes (depending on traffic).Number of terminals: 2 (T1) and (T2).Free","og_url":"https:\/\/bcn-guide.com\/en\/information-of-interest-to-visit-barcelona\/how-to-get-to-barcelona\/how-to-get-to-barcelona-by-plane\/","og_site_name":"Prestige Barcelona Tourist Guide","og_image":[{"width":1920,"height":993,"url":"https:\/\/bcn-guide.com\/wp-content\/uploads\/2019\/07\/Transport-Avions.jpg","type":"image\/jpeg"}],"twitter_card":"summary_large_image","twitter_misc":{"Est. reading time":"4 minutes"},"schema":{"@context":"https:\/\/schema.org","@graph":[{"@type":"WebPage","@id":"https:\/\/bcn-guide.com\/en\/information-of-interest-to-visit-barcelona\/how-to-get-to-barcelona\/how-to-get-to-barcelona-by-plane\/","url":"https:\/\/bcn-guide.com\/en\/information-of-interest-to-visit-barcelona\/how-to-get-to-barcelona\/how-to-get-to-barcelona-by-plane\/","name":"How to get to Barcelona by plane - Prestige Barcelona Tourist Guide","isPartOf":{"@id":"https:\/\/bcn-guide.com\/en\/#website"},"primaryImageOfPage":{"@id":"https:\/\/bcn-guide.com\/en\/information-of-interest-to-visit-barcelona\/how-to-get-to-barcelona\/how-to-get-to-barcelona-by-plane\/#primaryimage"},"image":{"@id":"https:\/\/bcn-guide.com\/en\/information-of-interest-to-visit-barcelona\/how-to-get-to-barcelona\/how-to-get-to-barcelona-by-plane\/#primaryimage"},"thumbnailUrl":"https:\/\/bcn-guide.com\/wp-content\/uploads\/2019\/07\/Transport-Avions.jpg","datePublished":"2022-02-13T23:39:54+00:00","description":"El Prat Airport Distance to the city center: 17 Km.Average time by car\/taxi: 34 minutes (depending on traffic).Number of terminals: 2 (T1) and (T2).Free","breadcrumb":{"@id":"https:\/\/bcn-guide.com\/en\/information-of-interest-to-visit-barcelona\/how-to-get-to-barcelona\/how-to-get-to-barcelona-by-plane\/#breadcrumb"},"inLanguage":"en-US","potentialAction":[{"@type":"ReadAction","target":["https:\/\/bcn-guide.com\/en\/information-of-interest-to-visit-barcelona\/how-to-get-to-barcelona\/how-to-get-to-barcelona-by-plane\/"]}]},{"@type":"ImageObject","inLanguage":"en-US","@id":"https:\/\/bcn-guide.com\/en\/information-of-interest-to-visit-barcelona\/how-to-get-to-barcelona\/how-to-get-to-barcelona-by-plane\/#primaryimage","url":"https:\/\/bcn-guide.com\/wp-content\/uploads\/2019\/07\/Transport-Avions.jpg","contentUrl":"https:\/\/bcn-guide.com\/wp-content\/uploads\/2019\/07\/Transport-Avions.jpg","width":1920,"height":993},{"@type":"BreadcrumbList","@id":"https:\/\/bcn-guide.com\/en\/information-of-interest-to-visit-barcelona\/how-to-get-to-barcelona\/how-to-get-to-barcelona-by-plane\/#breadcrumb","itemListElement":[{"@type":"ListItem","position":1,"name":"Inicio","item":"https:\/\/bcn-guide.com\/en\/"},{"@type":"ListItem","position":2,"name":"Information of interest to visit Barcelona","item":"https:\/\/bcn-guide.com\/en\/information-of-interest-to-visit-barcelona\/"},{"@type":"ListItem","position":3,"name":"How to get to Barcelona","item":"https:\/\/bcn-guide.com\/en\/information-of-interest-to-visit-barcelona\/how-to-get-to-barcelona\/"},{"@type":"ListItem","position":4,"name":"How to get to Barcelona by plane"}]},{"@type":"WebSite","@id":"https:\/\/bcn-guide.com\/en\/#website","url":"https:\/\/bcn-guide.com\/en\/","name":"Prestige Barcelona Tourist Guide","description":"","potentialAction":[{"@type":"SearchAction","target":{"@type":"EntryPoint","urlTemplate":"https:\/\/bcn-guide.com\/en\/?s={search_term_string}"},"query-input":{"@type":"PropertyValueSpecification","valueRequired":true,"valueName":"search_term_string"}}],"inLanguage":"en-US"}]}},"_links":{"self":[{"href":"https:\/\/bcn-guide.com\/en\/wp-json\/wp\/v2\/pages\/3427","targetHints":{"allow":["GET"]}}],"collection":[{"href":"https:\/\/bcn-guide.com\/en\/wp-json\/wp\/v2\/pages"}],"about":[{"href":"https:\/\/bcn-guide.com\/en\/wp-json\/wp\/v2\/types\/page"}],"author":[{"embeddable":true,"href":"https:\/\/bcn-guide.com\/en\/wp-json\/wp\/v2\/users\/1"}],"replies":[{"embeddable":true,"href":"https:\/\/bcn-guide.com\/en\/wp-json\/wp\/v2\/comments?post=3427"}],"version-history":[{"count":1,"href":"https:\/\/bcn-guide.com\/en\/wp-json\/wp\/v2\/pages\/3427\/revisions"}],"predecessor-version":[{"id":3428,"href":"https:\/\/bcn-guide.com\/en\/wp-json\/wp\/v2\/pages\/3427\/revisions\/3428"}],"up":[{"embeddable":true,"href":"https:\/\/bcn-guide.com\/en\/wp-json\/wp\/v2\/pages\/3423"}],"wp:featuredmedia":[{"embeddable":true,"href":"https:\/\/bcn-guide.com\/en\/wp-json\/wp\/v2\/media\/2505"}],"wp:attachment":[{"href":"https:\/\/bcn-guide.com\/en\/wp-json\/wp\/v2\/media?parent=3427"}],"curies":[{"name":"wp","href":"https:\/\/api.w.org\/{rel}","templated":true}]}}