{"id":3419,"date":"2022-02-13T18:58:37","date_gmt":"2022-02-13T18:58:37","guid":{"rendered":"https:\/\/bcn-guide.com\/parks-and-gardens-barcelona\/"},"modified":"2022-02-13T18:58:37","modified_gmt":"2022-02-13T18:58:37","slug":"parks-and-gardens-barcelona","status":"publish","type":"page","link":"https:\/\/bcn-guide.com\/en\/what-to-see-and-do-in-barcelona\/parks-and-gardens-barcelona\/","title":{"rendered":"Parks and gardens"},"content":{"rendered":"<p>Some of the current parks in Barcelona are historical, such as Ciutadella; others are from the beginning of the century, such as Font del Rac\u00f3 and Guinard\u00f3, and others come from private estates such as Parc del Laberint or Park G\u00fcell. In addition to the parks that we indicate below, we highlight the Parque de Cervantes on Avenida Diagonal, the Parque de Joan Mir\u00f3 and the Parque de la Espa\u00f1a Industrial, both near Sants Station.<\/p>\n","protected":false},"excerpt":{"rendered":"<p>Some of the current parks in Barcelona are historical, such as Ciutadella; others are from the beginning of the century, such as Font del Rac\u00f3 and Guinard\u00f3, and others come from private estates such as Parc del Laberint or Park G\u00fcell. In addition to the parks that we indicate below, we highlight the Parque de&hellip;<\/p>\n","protected":false},"author":1,"featured_media":1533,"parent":3420,"menu_order":0,"comment_status":"closed","ping_status":"closed","template":"template-arxius.php","meta":{"_acf_changed":false,"ghostkit_customizer_options":"","ghostkit_custom_css":"","ghostkit_custom_js_head":"","ghostkit_custom_js_foot":"","ghostkit_typography":"","footnotes":""},"class_list":["post-3419","page","type-page","status-publish","has-post-thumbnail","hentry"],"acf":[],"yoast_head":"<!-- This site is optimized with the Yoast SEO plugin v27.2 - https:\/\/yoast.com\/product\/yoast-seo-wordpress\/ -->\n<title>Parks and gardens - Prestige Barcelona Tourist Guide<\/title>\n<meta name=\"description\" content=\"Some of the current parks in Barcelona are historical, such as Ciutadella; others are from the beginning of the century, such as Font del Rac\u00f3 and\" \/>\n<meta name=\"robots\" content=\"index, follow, max-snippet:-1, max-image-preview:large, max-video-preview:-1\" \/>\n<link rel=\"canonical\" href=\"https:\/\/bcn-guide.com\/en\/what-to-see-and-do-in-barcelona\/parks-and-gardens-barcelona\/\" \/>\n<meta property=\"og:locale\" content=\"en_US\" \/>\n<meta property=\"og:type\" content=\"article\" \/>\n<meta property=\"og:title\" content=\"Parks and gardens - Prestige Barcelona Tourist Guide\" \/>\n<meta property=\"og:description\" content=\"Some of the current parks in Barcelona are historical, such as Ciutadella; others are from the beginning of the century, such as Font del Rac\u00f3 and\" \/>\n<meta property=\"og:url\" content=\"https:\/\/bcn-guide.com\/en\/what-to-see-and-do-in-barcelona\/parks-and-gardens-barcelona\/\" \/>\n<meta property=\"og:site_name\" content=\"Prestige Barcelona Tourist Guide\" \/>\n<meta name=\"twitter:card\" content=\"summary_large_image\" \/>\n<script type=\"application\/ld+json\" class=\"yoast-schema-graph\">{\"@context\":\"https:\/\/schema.org\",\"@graph\":[{\"@type\":\"WebPage\",\"@id\":\"https:\/\/bcn-guide.com\/en\/what-to-see-and-do-in-barcelona\/parks-and-gardens-barcelona\/\",\"url\":\"https:\/\/bcn-guide.com\/en\/what-to-see-and-do-in-barcelona\/parks-and-gardens-barcelona\/\",\"name\":\"Parks and gardens - Prestige Barcelona Tourist Guide\",\"isPartOf\":{\"@id\":\"https:\/\/bcn-guide.com\/en\/#website\"},\"primaryImageOfPage\":{\"@id\":\"https:\/\/bcn-guide.com\/en\/what-to-see-and-do-in-barcelona\/parks-and-gardens-barcelona\/#primaryimage\"},\"image\":{\"@id\":\"https:\/\/bcn-guide.com\/en\/what-to-see-and-do-in-barcelona\/parks-and-gardens-barcelona\/#primaryimage\"},\"thumbnailUrl\":\"https:\/\/bcn-guide.com\/wp-content\/uploads\/2018\/06\/jardinesbarcelona.jpg\",\"datePublished\":\"2022-02-13T18:58:37+00:00\",\"description\":\"Some of the current parks in Barcelona are historical, such as Ciutadella; others are from the beginning of the century, such as Font del Rac\u00f3 and\",\"breadcrumb\":{\"@id\":\"https:\/\/bcn-guide.com\/en\/what-to-see-and-do-in-barcelona\/parks-and-gardens-barcelona\/#breadcrumb\"},\"inLanguage\":\"en-US\",\"potentialAction\":[{\"@type\":\"ReadAction\",\"target\":[\"https:\/\/bcn-guide.com\/en\/what-to-see-and-do-in-barcelona\/parks-and-gardens-barcelona\/\"]}]},{\"@type\":\"ImageObject\",\"inLanguage\":\"en-US\",\"@id\":\"https:\/\/bcn-guide.com\/en\/what-to-see-and-do-in-barcelona\/parks-and-gardens-barcelona\/#primaryimage\",\"url\":\"https:\/\/bcn-guide.com\/wp-content\/uploads\/2018\/06\/jardinesbarcelona.jpg\",\"contentUrl\":\"https:\/\/bcn-guide.com\/wp-content\/uploads\/2018\/06\/jardinesbarcelona.jpg\",\"width\":1500,\"height\":1000},{\"@type\":\"BreadcrumbList\",\"@id\":\"https:\/\/bcn-guide.com\/en\/what-to-see-and-do-in-barcelona\/parks-and-gardens-barcelona\/#breadcrumb\",\"itemListElement\":[{\"@type\":\"ListItem\",\"position\":1,\"name\":\"Inicio\",\"item\":\"https:\/\/bcn-guide.com\/en\/\"},{\"@type\":\"ListItem\",\"position\":2,\"name\":\"Parks and gardens\"}]},{\"@type\":\"WebSite\",\"@id\":\"https:\/\/bcn-guide.com\/en\/#website\",\"url\":\"https:\/\/bcn-guide.com\/en\/\",\"name\":\"Prestige Barcelona Tourist Guide\",\"description\":\"\",\"potentialAction\":[{\"@type\":\"SearchAction\",\"target\":{\"@type\":\"EntryPoint\",\"urlTemplate\":\"https:\/\/bcn-guide.com\/en\/?s={search_term_string}\"},\"query-input\":{\"@type\":\"PropertyValueSpecification\",\"valueRequired\":true,\"valueName\":\"search_term_string\"}}],\"inLanguage\":\"en-US\"}]}<\/script>\n<!-- \/ Yoast SEO plugin. -->","yoast_head_json":{"title":"Parks and gardens - Prestige Barcelona Tourist Guide","description":"Some of the current parks in Barcelona are historical, such as Ciutadella; others are from the beginning of the century, such as Font del Rac\u00f3 and","robots":{"index":"index","follow":"follow","max-snippet":"max-snippet:-1","max-image-preview":"max-image-preview:large","max-video-preview":"max-video-preview:-1"},"canonical":"https:\/\/bcn-guide.com\/en\/what-to-see-and-do-in-barcelona\/parks-and-gardens-barcelona\/","og_locale":"en_US","og_type":"article","og_title":"Parks and gardens - Prestige Barcelona Tourist Guide","og_description":"Some of the current parks in Barcelona are historical, such as Ciutadella; others are from the beginning of the century, such as Font del Rac\u00f3 and","og_url":"https:\/\/bcn-guide.com\/en\/what-to-see-and-do-in-barcelona\/parks-and-gardens-barcelona\/","og_site_name":"Prestige Barcelona Tourist Guide","twitter_card":"summary_large_image","schema":{"@context":"https:\/\/schema.org","@graph":[{"@type":"WebPage","@id":"https:\/\/bcn-guide.com\/en\/what-to-see-and-do-in-barcelona\/parks-and-gardens-barcelona\/","url":"https:\/\/bcn-guide.com\/en\/what-to-see-and-do-in-barcelona\/parks-and-gardens-barcelona\/","name":"Parks and gardens - Prestige Barcelona Tourist Guide","isPartOf":{"@id":"https:\/\/bcn-guide.com\/en\/#website"},"primaryImageOfPage":{"@id":"https:\/\/bcn-guide.com\/en\/what-to-see-and-do-in-barcelona\/parks-and-gardens-barcelona\/#primaryimage"},"image":{"@id":"https:\/\/bcn-guide.com\/en\/what-to-see-and-do-in-barcelona\/parks-and-gardens-barcelona\/#primaryimage"},"thumbnailUrl":"https:\/\/bcn-guide.com\/wp-content\/uploads\/2018\/06\/jardinesbarcelona.jpg","datePublished":"2022-02-13T18:58:37+00:00","description":"Some of the current parks in Barcelona are historical, such as Ciutadella; others are from the beginning of the century, such as Font del Rac\u00f3 and","breadcrumb":{"@id":"https:\/\/bcn-guide.com\/en\/what-to-see-and-do-in-barcelona\/parks-and-gardens-barcelona\/#breadcrumb"},"inLanguage":"en-US","potentialAction":[{"@type":"ReadAction","target":["https:\/\/bcn-guide.com\/en\/what-to-see-and-do-in-barcelona\/parks-and-gardens-barcelona\/"]}]},{"@type":"ImageObject","inLanguage":"en-US","@id":"https:\/\/bcn-guide.com\/en\/what-to-see-and-do-in-barcelona\/parks-and-gardens-barcelona\/#primaryimage","url":"https:\/\/bcn-guide.com\/wp-content\/uploads\/2018\/06\/jardinesbarcelona.jpg","contentUrl":"https:\/\/bcn-guide.com\/wp-content\/uploads\/2018\/06\/jardinesbarcelona.jpg","width":1500,"height":1000},{"@type":"BreadcrumbList","@id":"https:\/\/bcn-guide.com\/en\/what-to-see-and-do-in-barcelona\/parks-and-gardens-barcelona\/#breadcrumb","itemListElement":[{"@type":"ListItem","position":1,"name":"Inicio","item":"https:\/\/bcn-guide.com\/en\/"},{"@type":"ListItem","position":2,"name":"Parks and gardens"}]},{"@type":"WebSite","@id":"https:\/\/bcn-guide.com\/en\/#website","url":"https:\/\/bcn-guide.com\/en\/","name":"Prestige Barcelona Tourist Guide","description":"","potentialAction":[{"@type":"SearchAction","target":{"@type":"EntryPoint","urlTemplate":"https:\/\/bcn-guide.com\/en\/?s={search_term_string}"},"query-input":{"@type":"PropertyValueSpecification","valueRequired":true,"valueName":"search_term_string"}}],"inLanguage":"en-US"}]}},"_links":{"self":[{"href":"https:\/\/bcn-guide.com\/en\/wp-json\/wp\/v2\/pages\/3419","targetHints":{"allow":["GET"]}}],"collection":[{"href":"https:\/\/bcn-guide.com\/en\/wp-json\/wp\/v2\/pages"}],"about":[{"href":"https:\/\/bcn-guide.com\/en\/wp-json\/wp\/v2\/types\/page"}],"author":[{"embeddable":true,"href":"https:\/\/bcn-guide.com\/en\/wp-json\/wp\/v2\/users\/1"}],"replies":[{"embeddable":true,"href":"https:\/\/bcn-guide.com\/en\/wp-json\/wp\/v2\/comments?post=3419"}],"version-history":[{"count":0,"href":"https:\/\/bcn-guide.com\/en\/wp-json\/wp\/v2\/pages\/3419\/revisions"}],"up":[{"embeddable":true,"href":"https:\/\/bcn-guide.com\/en\/wp-json\/wp\/v2\/pages\/3420"}],"wp:featuredmedia":[{"embeddable":true,"href":"https:\/\/bcn-guide.com\/en\/wp-json\/wp\/v2\/media\/1533"}],"wp:attachment":[{"href":"https:\/\/bcn-guide.com\/en\/wp-json\/wp\/v2\/media?parent=3419"}],"curies":[{"name":"wp","href":"https:\/\/api.w.org\/{rel}","templated":true}]}}